{"id":103,"date":"2022-04-01T07:12:27","date_gmt":"2022-04-01T07:12:27","guid":{"rendered":"https:\/\/hajek.ofm.cz\/?page_id=103"},"modified":"2022-04-01T07:12:27","modified_gmt":"2022-04-01T07:12:27","slug":"rok-2012","status":"publish","type":"page","link":"https:\/\/hajek.ofm.cz\/?page_id=103","title":{"rendered":"Rok 2012"},"content":{"rendered":"<p><a href=\"https:\/\/hajek.ofm.cz\/wp-content\/uploads\/2022\/04\/rok_2012.jpg\"><img decoding=\"async\" loading=\"lazy\" class=\"size-full wp-image-105 aligncenter\" src=\"https:\/\/hajek.ofm.cz\/wp-content\/uploads\/2022\/04\/rok_2012.jpg\" alt=\"\" width=\"640\" height=\"346\" srcset=\"https:\/\/hajek.ofm.cz\/wp-content\/uploads\/2022\/04\/rok_2012.jpg 640w, https:\/\/hajek.ofm.cz\/wp-content\/uploads\/2022\/04\/rok_2012-300x162.jpg 300w\" sizes=\"(max-width: 640px) 100vw, 640px\" \/><\/a><\/p>\n<p><strong>Proveden\u00e9 pr\u00e1ce v\u00a0roce 2012<\/strong><\/p>\n<p>\u2022 Obnova elektroinstalace jak v\u00a0\u010d\u00e1sti kl\u00e1\u0161tera, tak i ve sklep\u011b a v\u00a0poustevn\u011b<br \/>\n\u2022 Obnova studny svat\u00e9ho Anton\u00edna v\u00a0poustevn\u011b<br \/>\n\u2022 Dvybudov\u00e1n\u00ed vodovodn\u00edho \u0159\u00e1du z\u00a0poustevny do objektu kl\u00e1\u0161tera<br \/>\n\u2022 Postaven\u00ed velk\u00fdch kachlov\u00fdch kamen do kaple \u2013 b\u00fdval\u00e9ho refekt\u00e1\u0159e<br \/>\n\u2022 Rekonstrukce zast\u0159e\u0161en\u00ed z\u00e1padn\u00edho k\u0159\u00eddla (dotace St\u0159edo\u010desk\u00e9ho kraje)<br \/>\n\u2022 Restaurov\u00e1n\u00ed posledn\u00ed \u010d\u00e1sti h\u00e1jeck\u00e9ho olt\u00e1\u0159e (velk\u00e9 kovov\u00e9 m\u0159\u00ed\u017ee)<br \/>\n\u2022 Obnova a repase n\u011bkolika oken a zhotoven\u00ed vstupn\u00edch dvouk\u0159\u00eddl\u00fdch dve\u0159\u00ed v\u00a0obytn\u00e9 \u010d\u00e1sti kl\u00e1\u0161tera<br \/>\n\u2022 Oprava \u010d\u00e1sti ohradn\u00ed zdi<\/p>\n<p><strong>Akce v\u00a0H\u00e1jku v\u00a0roce 2012<\/strong><\/p>\n<p>\u2022 Poutn\u00ed m\u0161e svat\u00e9 v\u00a0H\u00e1jku (14)<br \/>\n\u2022 Ministrantsk\u00e9 brig\u00e1dy<br \/>\n\u2022 Duchovn\u00ed obnovy<br \/>\n\u2022 Ml\u00e1de\u017enick\u00e9 brig\u00e1dy<br \/>\n\u2022 V\u00edkendov\u00e1 akce \u201eBrontosaurus<br \/>\n\u2022 \u0160koln\u00ed exkurze<br \/>\n\u2022 Pl\u00e1novan\u00e9 i n\u00e1hodn\u00e9 prohl\u00eddky kl\u00e1\u0161tern\u00edho are\u00e1lu<br \/>\n\u2022 Poustevnick\u00e9 pobyty brat\u0159\u00ed v\u00a0kl\u00e1\u0161te\u0159e<br \/>\n\u2022 \u0160koln\u00ed adventn\u00ed koncert<\/p>\n<p><strong>Statistika<\/strong><\/p>\n<p>\u2022 k\u0159ty 0<br \/>\n\u2022 svatby 1<\/p>\n<p>&nbsp;<\/p>\n","protected":false},"excerpt":{"rendered":"<p>Proveden\u00e9 pr\u00e1ce v\u00a0roce 2012 \u2022 Obnova elektroinstalace jak v\u00a0\u010d\u00e1sti kl\u00e1\u0161tera, tak i ve sklep\u011b a v\u00a0poustevn\u011b \u2022 Obnova studny svat\u00e9ho Anton\u00edna v\u00a0poustevn\u011b \u2022 Dvybudov\u00e1n\u00ed vodovodn\u00edho \u0159\u00e1du z\u00a0poustevny do objektu kl\u00e1\u0161tera \u2022 Postaven\u00ed velk\u00fdch kachlov\u00fdch kamen do kaple \u2013 b\u00fdval\u00e9ho refekt\u00e1\u0159e \u2022 Rekonstrukce zast\u0159e\u0161en\u00ed z\u00e1padn\u00edho k\u0159\u00eddla (dotace St\u0159edo\u010desk\u00e9ho kraje) \u2022 Restaurov\u00e1n\u00ed posledn\u00ed \u010d\u00e1sti h\u00e1jeck\u00e9ho olt\u00e1\u0159e (velk\u00e9 [&hellip;]<\/p>\n","protected":false},"author":1,"featured_media":0,"parent":0,"menu_order":0,"comment_status":"closed","ping_status":"closed","template":"","meta":[],"_links":{"self":[{"href":"https:\/\/hajek.ofm.cz\/index.php?rest_route=\/wp\/v2\/pages\/103"}],"collection":[{"href":"https:\/\/hajek.ofm.cz\/index.php?rest_route=\/wp\/v2\/pages"}],"about":[{"href":"https:\/\/hajek.ofm.cz\/index.php?rest_route=\/wp\/v2\/types\/page"}],"author":[{"embeddable":true,"href":"https:\/\/hajek.ofm.cz\/index.php?rest_route=\/wp\/v2\/users\/1"}],"replies":[{"embeddable":true,"href":"https:\/\/hajek.ofm.cz\/index.php?rest_route=%2Fwp%2Fv2%2Fcomments&post=103"}],"version-history":[{"count":2,"href":"https:\/\/hajek.ofm.cz\/index.php?rest_route=\/wp\/v2\/pages\/103\/revisions"}],"predecessor-version":[{"id":107,"href":"https:\/\/hajek.ofm.cz\/index.php?rest_route=\/wp\/v2\/pages\/103\/revisions\/107"}],"wp:attachment":[{"href":"https:\/\/hajek.ofm.cz\/index.php?rest_route=%2Fwp%2Fv2%2Fmedia&parent=103"}],"curies":[{"name":"wp","href":"https:\/\/api.w.org\/{rel}","templated":true}]}}