{"id":108,"date":"2022-04-01T07:14:49","date_gmt":"2022-04-01T07:14:49","guid":{"rendered":"https:\/\/hajek.ofm.cz\/?page_id=108"},"modified":"2022-04-01T07:14:49","modified_gmt":"2022-04-01T07:14:49","slug":"rok-2013","status":"publish","type":"page","link":"https:\/\/hajek.ofm.cz\/?page_id=108","title":{"rendered":"Rok 2013"},"content":{"rendered":"<p><a href=\"https:\/\/hajek.ofm.cz\/wp-content\/uploads\/2022\/04\/rok_2013.jpg\"><img decoding=\"async\" loading=\"lazy\" class=\"size-full wp-image-106 aligncenter\" src=\"https:\/\/hajek.ofm.cz\/wp-content\/uploads\/2022\/04\/rok_2013.jpg\" alt=\"\" width=\"720\" height=\"398\" srcset=\"https:\/\/hajek.ofm.cz\/wp-content\/uploads\/2022\/04\/rok_2013.jpg 720w, https:\/\/hajek.ofm.cz\/wp-content\/uploads\/2022\/04\/rok_2013-300x166.jpg 300w\" sizes=\"(max-width: 720px) 100vw, 720px\" \/><\/a><\/p>\n<p><strong>Proveden\u00e9 pr\u00e1ce v\u00a0roce 2013<\/strong><\/p>\n<p>\u2022 Obnova osv\u011btlen\u00ed uvnit\u0159 i vn\u011b kl\u00e1\u0161tera<br \/>\n\u2022 Restaurov\u00e1n\u00ed vstupn\u00edch dve\u0159\u00ed do kaple<br \/>\n\u2022 R\u016fzn\u00e1 opat\u0159en\u00ed proti d\u0159evomorce v\u00a0loret\u00e1nsk\u00e9 kapli<br \/>\n\u2022 Obnova ohradn\u00ed zdi v\u00a0zahr\u00e1dce svat\u00e9ho Anton\u00edna<br \/>\n\u2022 Odstran\u011bn\u00ed d\u0159evomorkou napaden\u00e9 prkenn\u00e9 podlahy a vyvezen\u00ed suti a\u017e po klenbu sklep\u016f<br \/>\n\u2022 Vymalov\u00e1n\u00ed obytn\u00e9 \u010d\u00e1sti kl\u00e1\u0161tera \u2022 \u010ci\u0161t\u011bn\u00ed okap\u016f<\/p>\n<p><strong>Akce v\u00a0H\u00e1jku v\u00a0roce 2013<\/strong><br \/>\n\u2022 Poutn\u00ed m\u0161e svat\u00e9 v\u00a0H\u00e1jku (14)<br \/>\n\u2022 Charismatick\u00e1 konference<br \/>\n\u2022 Roho\u017ekov\u00e1 kapitula na\u0161\u00ed provincie<br \/>\n\u2022 Forma\u010dn\u00ed setk\u00e1n\u00ed kandid\u00e1t\u016f, postulant\u016f i brat\u0159\u00ed v\u00a0\u010dasn\u00fdch slibech<br \/>\n\u2022 Ministrantsk\u00e9 brig\u00e1dy<br \/>\n\u2022 Duchovn\u00ed obnovy<br \/>\n\u2022 Ml\u00e1de\u017enick\u00e9 brig\u00e1dy<br \/>\n\u2022 Brig\u00e1dy pro v\u0161echny v\u011bkov\u00e9 kategorie<br \/>\n\u2022 V\u00edkendov\u00e1 akce \u201eBrontosaurus\u201c<br \/>\n\u2022 \u0160koln\u00ed exkurze<br \/>\n\u2022 Pl\u00e1novan\u00e9 i n\u00e1hodn\u00e9 prohl\u00eddky kl\u00e1\u0161tern\u00edho are\u00e1lu<br \/>\n\u2022 Poustevnick\u00e9 pobyty brat\u0159\u00ed v\u00a0kl\u00e1\u0161te\u0159e<\/p>\n<p><strong>Statistika<\/strong><\/p>\n<p>\u2022 k\u0159ty 2<br \/>\n\u2022 svatby 0<\/p>\n","protected":false},"excerpt":{"rendered":"<p>Proveden\u00e9 pr\u00e1ce v\u00a0roce 2013 \u2022 Obnova osv\u011btlen\u00ed uvnit\u0159 i vn\u011b kl\u00e1\u0161tera \u2022 Restaurov\u00e1n\u00ed vstupn\u00edch dve\u0159\u00ed do kaple \u2022 R\u016fzn\u00e1 opat\u0159en\u00ed proti d\u0159evomorce v\u00a0loret\u00e1nsk\u00e9 kapli \u2022 Obnova ohradn\u00ed zdi v\u00a0zahr\u00e1dce svat\u00e9ho Anton\u00edna \u2022 Odstran\u011bn\u00ed d\u0159evomorkou napaden\u00e9 prkenn\u00e9 podlahy a vyvezen\u00ed suti a\u017e po klenbu sklep\u016f \u2022 Vymalov\u00e1n\u00ed obytn\u00e9 \u010d\u00e1sti kl\u00e1\u0161tera \u2022 \u010ci\u0161t\u011bn\u00ed okap\u016f Akce v\u00a0H\u00e1jku v\u00a0roce [&hellip;]<\/p>\n","protected":false},"author":1,"featured_media":0,"parent":0,"menu_order":0,"comment_status":"closed","ping_status":"closed","template":"","meta":[],"_links":{"self":[{"href":"https:\/\/hajek.ofm.cz\/index.php?rest_route=\/wp\/v2\/pages\/108"}],"collection":[{"href":"https:\/\/hajek.ofm.cz\/index.php?rest_route=\/wp\/v2\/pages"}],"about":[{"href":"https:\/\/hajek.ofm.cz\/index.php?rest_route=\/wp\/v2\/types\/page"}],"author":[{"embeddable":true,"href":"https:\/\/hajek.ofm.cz\/index.php?rest_route=\/wp\/v2\/users\/1"}],"replies":[{"embeddable":true,"href":"https:\/\/hajek.ofm.cz\/index.php?rest_route=%2Fwp%2Fv2%2Fcomments&post=108"}],"version-history":[{"count":2,"href":"https:\/\/hajek.ofm.cz\/index.php?rest_route=\/wp\/v2\/pages\/108\/revisions"}],"predecessor-version":[{"id":110,"href":"https:\/\/hajek.ofm.cz\/index.php?rest_route=\/wp\/v2\/pages\/108\/revisions\/110"}],"wp:attachment":[{"href":"https:\/\/hajek.ofm.cz\/index.php?rest_route=%2Fwp%2Fv2%2Fmedia&parent=108"}],"curies":[{"name":"wp","href":"https:\/\/api.w.org\/{rel}","templated":true}]}}