{"id":111,"date":"2022-04-01T07:17:45","date_gmt":"2022-04-01T07:17:45","guid":{"rendered":"https:\/\/hajek.ofm.cz\/?page_id=111"},"modified":"2022-04-01T07:17:45","modified_gmt":"2022-04-01T07:17:45","slug":"rok-2014","status":"publish","type":"page","link":"https:\/\/hajek.ofm.cz\/?page_id=111","title":{"rendered":"Rok 2014"},"content":{"rendered":"<p><strong><a href=\"https:\/\/hajek.ofm.cz\/wp-content\/uploads\/2022\/04\/rok_2014-1.jpg\"><img decoding=\"async\" loading=\"lazy\" class=\"size-full wp-image-112 aligncenter\" src=\"https:\/\/hajek.ofm.cz\/wp-content\/uploads\/2022\/04\/rok_2014-1.jpg\" alt=\"\" width=\"720\" height=\"415\" srcset=\"https:\/\/hajek.ofm.cz\/wp-content\/uploads\/2022\/04\/rok_2014-1.jpg 720w, https:\/\/hajek.ofm.cz\/wp-content\/uploads\/2022\/04\/rok_2014-1-300x173.jpg 300w\" sizes=\"(max-width: 720px) 100vw, 720px\" \/><\/a><\/strong><\/p>\n<p><strong>Proveden\u00e9 pr\u00e1ce v\u00a0roce 2014<\/strong><\/p>\n<p>Pr\u00e1ce souvisej\u00edc\u00ed s\u00a0odstra\u0148ov\u00e1n\u00edm d\u0159evomorky v\u00a0kapli a v\u00a0refekt\u00e1\u0159i<br \/>\nProjek\u010dn\u00ed pr\u00e1ce elektro rozvod\u016f<br \/>\nZpracov\u00e1v\u00e1n\u00ed stavebn\u00ed dokumentace v\u00fdchodn\u00edho k\u0159\u00eddla kl\u00e1\u0161tera a dal\u0161\u00edch d\u00edl\u010d\u00edch \u010d\u00e1st\u00ed<br \/>\nRestaur\u00e1torsk\u00fd pr\u016fzkum v\u00fdchodn\u00edho k\u0159\u00eddla<br \/>\nZhotoven\u00ed d\u011bl\u00edc\u00ed st\u011bny<br \/>\nObnova v\u011b\u017ei\u010dky v\u00fdchodn\u00edho k\u0159\u00eddla<br \/>\nVybudov\u00e1n\u00ed vodn\u00edho p\u00edtka<br \/>\nZhotoven\u00ed p\u0159\u00edst\u0159e\u0161ku pro d\u0159\u00edv\u00ed<\/p>\n<p><strong> Akce v\u00a0H\u00e1jku v\u00a0roce 2014<\/strong><\/p>\n<p>Poutn\u00ed m\u0161e svat\u00e9 v\u00a0h\u00e1jku (16)<br \/>\nCharismatick\u00e9 setk\u00e1n\u00ed<br \/>\nPoutn\u00ed akce jednotliv\u00fdch farnost\u00ed<br \/>\nMinistrantsk\u00e1 brig\u00e1da<br \/>\nMl\u00e1de\u017enick\u00e9 brig\u00e1dy<br \/>\nBrig\u00e1dy pro v\u0161echny v\u011bkov\u00e9 kategorie<br \/>\nV\u00edkendov\u00e1 akce \u201eBrontosaurus\u201c<br \/>\n\u0160koln\u00ed exkurze<br \/>\nSoust\u0159ed\u011bn\u00ed d\u00edv\u010d\u00ed scholky<br \/>\nSetk\u00e1n\u00ed ml\u00e1de\u017ee<br \/>\nPobyty jednotlivc\u016f v\u00a0tichu kl\u00e1\u0161tera<br \/>\nDuchovn\u00ed obnovy<br \/>\nProvin\u010dn\u00ed a forma\u010dn\u00ed setk\u00e1n\u00ed brat\u0159\u00ed franti\u0161k\u00e1n\u016f<br \/>\nSetk\u00e1n\u00ed kn\u011b\u017e\u00ed kladensk\u00e9ho vikari\u00e1tu<br \/>\nPl\u00e1novan\u00e9 i n\u00e1hodn\u00e9 prohl\u00eddky kl\u00e1\u0161tera<br \/>\nNato\u010den\u00ed televizn\u00edho dokumentu o H\u00e1jku<\/p>\n<p><strong>Statistika<\/strong><br \/>\n\u2022 k\u0159ty 2<br \/>\n\u2022 svatby 0<\/p>\n<p>&nbsp;<\/p>\n","protected":false},"excerpt":{"rendered":"<p>Proveden\u00e9 pr\u00e1ce v\u00a0roce 2014 Pr\u00e1ce souvisej\u00edc\u00ed s\u00a0odstra\u0148ov\u00e1n\u00edm d\u0159evomorky v\u00a0kapli a v\u00a0refekt\u00e1\u0159i Projek\u010dn\u00ed pr\u00e1ce elektro rozvod\u016f Zpracov\u00e1v\u00e1n\u00ed stavebn\u00ed dokumentace v\u00fdchodn\u00edho k\u0159\u00eddla kl\u00e1\u0161tera a dal\u0161\u00edch d\u00edl\u010d\u00edch \u010d\u00e1st\u00ed Restaur\u00e1torsk\u00fd pr\u016fzkum v\u00fdchodn\u00edho k\u0159\u00eddla Zhotoven\u00ed d\u011bl\u00edc\u00ed st\u011bny Obnova v\u011b\u017ei\u010dky v\u00fdchodn\u00edho k\u0159\u00eddla Vybudov\u00e1n\u00ed vodn\u00edho p\u00edtka Zhotoven\u00ed p\u0159\u00edst\u0159e\u0161ku pro d\u0159\u00edv\u00ed Akce v\u00a0H\u00e1jku v\u00a0roce 2014 Poutn\u00ed m\u0161e svat\u00e9 v\u00a0h\u00e1jku (16) Charismatick\u00e9 setk\u00e1n\u00ed Poutn\u00ed [&hellip;]<\/p>\n","protected":false},"author":1,"featured_media":0,"parent":0,"menu_order":0,"comment_status":"closed","ping_status":"closed","template":"","meta":[],"_links":{"self":[{"href":"https:\/\/hajek.ofm.cz\/index.php?rest_route=\/wp\/v2\/pages\/111"}],"collection":[{"href":"https:\/\/hajek.ofm.cz\/index.php?rest_route=\/wp\/v2\/pages"}],"about":[{"href":"https:\/\/hajek.ofm.cz\/index.php?rest_route=\/wp\/v2\/types\/page"}],"author":[{"embeddable":true,"href":"https:\/\/hajek.ofm.cz\/index.php?rest_route=\/wp\/v2\/users\/1"}],"replies":[{"embeddable":true,"href":"https:\/\/hajek.ofm.cz\/index.php?rest_route=%2Fwp%2Fv2%2Fcomments&post=111"}],"version-history":[{"count":1,"href":"https:\/\/hajek.ofm.cz\/index.php?rest_route=\/wp\/v2\/pages\/111\/revisions"}],"predecessor-version":[{"id":116,"href":"https:\/\/hajek.ofm.cz\/index.php?rest_route=\/wp\/v2\/pages\/111\/revisions\/116"}],"wp:attachment":[{"href":"https:\/\/hajek.ofm.cz\/index.php?rest_route=%2Fwp%2Fv2%2Fmedia&parent=111"}],"curies":[{"name":"wp","href":"https:\/\/api.w.org\/{rel}","templated":true}]}}