{"id":117,"date":"2022-04-01T07:26:33","date_gmt":"2022-04-01T07:26:33","guid":{"rendered":"https:\/\/hajek.ofm.cz\/?page_id=117"},"modified":"2022-04-01T07:26:33","modified_gmt":"2022-04-01T07:26:33","slug":"rok-2015","status":"publish","type":"page","link":"https:\/\/hajek.ofm.cz\/?page_id=117","title":{"rendered":"Rok 2015"},"content":{"rendered":"<p><a href=\"https:\/\/hajek.ofm.cz\/wp-content\/uploads\/2022\/04\/rok_2015-1.jpg\"><img decoding=\"async\" loading=\"lazy\" class=\"size-full wp-image-113 aligncenter\" src=\"https:\/\/hajek.ofm.cz\/wp-content\/uploads\/2022\/04\/rok_2015-1.jpg\" alt=\"\" width=\"720\" height=\"435\" srcset=\"https:\/\/hajek.ofm.cz\/wp-content\/uploads\/2022\/04\/rok_2015-1.jpg 720w, https:\/\/hajek.ofm.cz\/wp-content\/uploads\/2022\/04\/rok_2015-1-300x181.jpg 300w\" sizes=\"(max-width: 720px) 100vw, 720px\" \/><\/a><\/p>\n<p><strong>Proveden\u00e9 pr\u00e1ce v\u00a0roce 2015<\/strong><\/p>\n<p>Obnova vod\u00e1rny<br \/>\nRozveden\u00ed vodn\u00edch a elektro s\u00edt\u00ed po kl\u00e1\u0161tern\u00edm are\u00e1lu<\/p>\n<p><strong>Akce v\u00a0H\u00e1jku v\u00a0roce 2015<\/strong><\/p>\n<p>Poutn\u00ed m\u0161e svat\u00e9 v\u00a0h\u00e1jku (15)<br \/>\nCharismatick\u00e9 setk\u00e1n\u00ed New Dawn<br \/>\nMinistrantsk\u00e1 brig\u00e1da<br \/>\nMl\u00e1de\u017enick\u00e9 brig\u00e1dy<br \/>\nBrig\u00e1dy pro v\u0161echny v\u011bkov\u00e9 kategorie<br \/>\nV\u00edkendov\u00e1 akce \u201eBrontosaurus\u201c<br \/>\n\u0160koln\u00ed exkurze<br \/>\nSoust\u0159ed\u011bn\u00ed d\u00edv\u010d\u00ed scholky od Panny Marie Sn\u011b\u017en\u00e9<br \/>\nSetk\u00e1n\u00ed rodin<br \/>\nSetk\u00e1n\u00ed skaut\u016f<br \/>\nDuchovn\u00ed obnovy<br \/>\nPout\u011b jednotliv\u00fdch farnost\u00ed<br \/>\nSetk\u00e1n\u00ed terci\u00e1\u0159\u016f<br \/>\nForma\u010dn\u00ed setk\u00e1n\u00ed brat\u0159\u00ed franti\u0161k\u00e1n\u016f<br \/>\nSetk\u00e1n\u00ed kn\u011b\u017e\u00ed kladensk\u00e9ho vikari\u00e1tu<br \/>\nPl\u00e1novan\u00e9 i n\u00e1hodn\u00e9 prohl\u00eddky kl\u00e1\u0161tera<\/p>\n<p><strong>Statistika<\/strong><\/p>\n<p>\u2022 k\u0159ty 3<br \/>\n\u2022 svatby 0<\/p>\n","protected":false},"excerpt":{"rendered":"<p>Proveden\u00e9 pr\u00e1ce v\u00a0roce 2015 Obnova vod\u00e1rny Rozveden\u00ed vodn\u00edch a elektro s\u00edt\u00ed po kl\u00e1\u0161tern\u00edm are\u00e1lu Akce v\u00a0H\u00e1jku v\u00a0roce 2015 Poutn\u00ed m\u0161e svat\u00e9 v\u00a0h\u00e1jku (15) Charismatick\u00e9 setk\u00e1n\u00ed New Dawn Ministrantsk\u00e1 brig\u00e1da Ml\u00e1de\u017enick\u00e9 brig\u00e1dy Brig\u00e1dy pro v\u0161echny v\u011bkov\u00e9 kategorie V\u00edkendov\u00e1 akce \u201eBrontosaurus\u201c \u0160koln\u00ed exkurze Soust\u0159ed\u011bn\u00ed d\u00edv\u010d\u00ed scholky od Panny Marie Sn\u011b\u017en\u00e9 Setk\u00e1n\u00ed rodin Setk\u00e1n\u00ed skaut\u016f Duchovn\u00ed obnovy Pout\u011b [&hellip;]<\/p>\n","protected":false},"author":1,"featured_media":0,"parent":0,"menu_order":0,"comment_status":"closed","ping_status":"closed","template":"","meta":[],"_links":{"self":[{"href":"https:\/\/hajek.ofm.cz\/index.php?rest_route=\/wp\/v2\/pages\/117"}],"collection":[{"href":"https:\/\/hajek.ofm.cz\/index.php?rest_route=\/wp\/v2\/pages"}],"about":[{"href":"https:\/\/hajek.ofm.cz\/index.php?rest_route=\/wp\/v2\/types\/page"}],"author":[{"embeddable":true,"href":"https:\/\/hajek.ofm.cz\/index.php?rest_route=\/wp\/v2\/users\/1"}],"replies":[{"embeddable":true,"href":"https:\/\/hajek.ofm.cz\/index.php?rest_route=%2Fwp%2Fv2%2Fcomments&post=117"}],"version-history":[{"count":1,"href":"https:\/\/hajek.ofm.cz\/index.php?rest_route=\/wp\/v2\/pages\/117\/revisions"}],"predecessor-version":[{"id":118,"href":"https:\/\/hajek.ofm.cz\/index.php?rest_route=\/wp\/v2\/pages\/117\/revisions\/118"}],"wp:attachment":[{"href":"https:\/\/hajek.ofm.cz\/index.php?rest_route=%2Fwp%2Fv2%2Fmedia&parent=117"}],"curies":[{"name":"wp","href":"https:\/\/api.w.org\/{rel}","templated":true}]}}