{"id":133,"date":"2022-04-01T12:42:12","date_gmt":"2022-04-01T12:42:12","guid":{"rendered":"https:\/\/hajek.ofm.cz\/?page_id=133"},"modified":"2022-04-01T12:42:12","modified_gmt":"2022-04-01T12:42:12","slug":"biskup-antonin-podlaha","status":"publish","type":"page","link":"https:\/\/hajek.ofm.cz\/?page_id=133","title":{"rendered":"Biskup Anton\u00edn Podlaha"},"content":{"rendered":"<h1>Poutn\u00ed cesta do H\u00e1jku<\/h1>\n<p>&nbsp;<\/p>\n<p class=\"cz\">Popis poutn\u00ed cesty z\u00a0knihy biskpa Anton\u00edna Podlahy.<\/p>\n<p><img decoding=\"async\" loading=\"lazy\" class=\"size-medium wp-image-130 alignright\" src=\"https:\/\/hajek.ofm.cz\/wp-content\/uploads\/2022\/04\/Podlaha-198x300.jpg\" alt=\"\" width=\"198\" height=\"300\" srcset=\"https:\/\/hajek.ofm.cz\/wp-content\/uploads\/2022\/04\/Podlaha-198x300.jpg 198w, https:\/\/hajek.ofm.cz\/wp-content\/uploads\/2022\/04\/Podlaha.jpg 654w\" sizes=\"(max-width: 198px) 100vw, 198px\" \/><\/p>\n<p class=\"cz\">P\u0159i cest\u011b vedouc\u00ed od Prahy, k\u00a0H\u00e1jku zbudov\u00e1no bylo vletech 1720\u201424 n\u00e1kladem dobrodinc\u016f dvacet kapli\u010dek. V\u00a0pam\u011btn\u00ed knize kl\u00e1\u0161tern\u00ed zachoval se zaj\u00edmav\u00fd p\u016fvodn\u00ed tu\u0161ovan\u00fd n\u00e1kres z\u00a0roku 1720, jen\u017e pod\u00e1v\u00e1 dva \u201avarianty\u2018, dle nich\u017e kaple m\u011bly b\u00fdti provedeny.<\/p>\n<p class=\"cz\">Ve v\u00fdklenc\u00edch byly malby na om\u00edtce, zn\u00e1zor\u0148uj\u00edc\u00ed v\u00a0ho\u0159ej\u0161\u00ed polovici v\u00fdjevy ze \u017eivota Panny Marie, v\u00a0dolej\u0161\u00ed pak polovici v\u00fdjevy ze \u017eivota sv. Franti\u0161ka. Nad v\u00fdklenkem pod \u0159\u00edmsou byl znak dobrodince, jeho\u017e n\u00e1kladem kapli\u010dka byla zbudov\u00e1na.<\/p>\n<p class=\"cz\">V n\u00e1sleduj\u00edc\u00edm p\u0159ehledu pod\u00e1v\u00e1me popis maleb v\u00a0kapli\u010dk\u00e1ch, jako\u017e i jm\u00e9na dobrodinc\u016f, jich\u017e n\u00e1kladem kapli\u010dky byly zbudov\u00e1ny:<\/p>\n<table class=\"tab_bez\">\n<tbody>\n<tr>\n<td align=\"right\">1.<\/td>\n<td>Vyobrazen\u00ed H\u00e1jku, nad n\u00edm\u017e zobrazeni dva and\u011bl\u00e9 nesouc\u00ed Loret\u00e1nsk\u00fd domek; po stran\u00e1ch sv. Franti\u0161ek a sv. Anton\u00edn. Zbudov\u00e1na n\u00e1kladem arcibiskupa Ferdinanda hrab\u011bte Khuenburga.<\/td>\n<\/tr>\n<tr>\n<td align=\"right\">2.<\/td>\n<td>Naho\u0159e: O\u010dek\u00e1v\u00e1n\u00ed narozen\u00ed Panny Marie Joachimem a Annou ; dole: Opat Joachim O.S.B. p\u0159edpov\u00edd\u00e1 narozen\u00ed sv. Franti\u0161ka. N\u00e1kladem hrabete z\u00a0Vrtby, nejvy\u0161\u0161\u00edho purkrab\u00ed kr\u00e1l. \u010cesk\u00e9ho.<\/td>\n<\/tr>\n<tr>\n<td align=\"right\">3.<\/td>\n<td>Naho\u0159e: Neposkvrn\u011bn\u00e9 po\u010det\u00ed Panny Marie; dole: Sv. Franti\u0161ek obklopen\u00fd kle\u010d\u00edc\u00edm z\u00e1stupem sv\u00fdch duchovn\u00edch syn\u016fv. N\u00e1kladem Anton\u00edna Jana hrab\u011bte Nostice, nejv. hofmistra.<\/td>\n<\/tr>\n<tr>\n<td align=\"right\">4.<\/td>\n<td>Naho\u0159e: Narozen\u00ed P. Marie a v\u00a0pozad\u00ed jakoby v\u00a0mlh\u00e1ch narozeni P\u00e1na Je\u017e\u00ed\u0161e; dole: Narozen\u00ed sv. Franti\u0161ka. N\u00e1kladem Josefa hrab\u011bte z\u00a0Vald\u0161t\u00fdna, nejv. mar\u0161\u00e1lka, a man\u017eelky jeho.<\/td>\n<\/tr>\n<tr>\n<td align=\"right\">5.<\/td>\n<td>Naho\u0159e: T\u0159\u00edlet\u00e1 P. Maria uvedena do chr\u00e1mu, aby Bohu slou\u017eila; dole: Sv. Franti\u0161ek odkl\u00e1d\u00e1. p\u0159ed biskupem Asissk\u00fdm sv\u011btsk\u00fd \u0161at sv\u016fj a z\u0159\u00edk\u00e1 se sv\u011bta. N\u00e1kladem hrab\u011bte Jana Arno\u0161ta Anton\u00edna Schaffgotsche, kr\u00e1l. m\u00edstodr\u017eitele, a man\u017eelky jeho.<\/td>\n<\/tr>\n<tr>\n<td align=\"right\">6.<\/td>\n<td>Naho\u0159e: Panna Maria zasnoubena se sv. Josefem; dole: Sv. Franti\u0161ek skl\u00e1d\u00e1 slib v\u00a0ruce Innocence III. a tak sebe a syny sv\u00e9 zasnubuje Bohu. N\u00e1kladem Franti\u0161ka Josefa hrab\u011bte \u010cern\u00edna, kr\u00e1l, m\u00edsto dr\u017e\u00edc\u00edho.<\/td>\n<\/tr>\n<tr>\n<td align=\"right\">7.<\/td>\n<td>Naho\u0159e: Zv\u011bstov\u00e1n\u00ed Panny Marie; dole: sv. Franti\u0161ek dost\u00e1v\u00e1 na p\u0159\u00edmluvu Panny Marie od P\u00e1na Je\u017e\u00ed\u0161e odpustky porciunkule. N\u00e1kladem hrab\u011bte Franti\u0161ka Josefa Schlika a man\u017eelky jeho.<\/td>\n<\/tr>\n<tr>\n<td align=\"right\">8.<\/td>\n<td>Naho\u0159e: P. Maria pozdravuje sv. Al\u017ebetu; dole: Sv. Franti\u0161ek setk\u00e1v\u00e1 a pozdravuje se se sv. Dominikem. N\u00e1kladem hrab\u011bte Jana Filipa ze Sikingenu, poln\u00edho mar\u0161\u00e1lka a velitele Pra\u017esk\u00e9ho, hra man\u017eelky jeho.<\/td>\n<\/tr>\n<tr>\n<td align=\"right\">9.<\/td>\n<td>Naho\u0159e : Narozen\u00ed P\u00e1n\u011b ; dole : Sv. Franti\u0161ek p\u0159ij\u00edm\u00e1 Jesul\u00e1tko z\u00a0rukou P. Marie. Op\u011bt n\u00e1kladem nejv. hofmistra hrab\u011bte Nostice.<\/td>\n<\/tr>\n<tr>\n<td align=\"right\">10.<\/td>\n<td>Naho\u0159e : Klan\u011bn\u00ed se sv. T\u0159\u00ed kr\u00e1l\u016f; dole : Sv. Franti\u0161ek rozes\u00edl\u00e1 bratry sv\u00e9 hl\u00e1sati evangelium. Op\u011btn\u011b n\u00e1kladem Frant. Josefa hrab. rozes\u00edl\u00e1 \u010cern\u00edna a man\u017eelky jeho.<\/td>\n<\/tr>\n<tr>\n<td align=\"right\">11.<\/td>\n<td>Naho\u0159e : O\u010di\u0161\u0165ov\u00e1n\u00ed Panny Marie ; dole : Sv. Franti\u0161ek v\u00e1l\u00ed se v\u00a0trn\u00ed, aby \u010distotu zachoval. N\u00e1kladem brat\u0159\u00ed hrab\u011bte Franti\u0161ka Karla z\u00a0Clary-Aldringen, nejvy\u0161\u0161\u00edho lov\u010d\u00edho kr\u00e1l. \u010cesk\u00e9ho, a Jana Filipa z\u00a0CIary-Aldringen, kr\u00e1l. m\u00edstodr\u017e\u00edc\u00edho.<\/td>\n<\/tr>\n<tr>\n<td align=\"right\">12.<\/td>\n<td>Naho\u0159e: \u00dat\u011bk do Egypta; dole: Sv. Franti\u0161ek ub\u00edr\u00e1 se do Egypta, aby tam k\u00e1zal p\u0159ed sult\u00e1nem. N\u00e1kladem Josefa Franti\u0161ka z\u00a0Goltze, kr\u00e1l. m\u00edstodr\u017e\u00edc\u00edho.<\/td>\n<\/tr>\n<tr>\n<td align=\"right\">13.<\/td>\n<td>Naho\u0159e: Je\u017e\u00ed\u0161ek v\u00a0dom\u00e1cnosti dl\u00ed s\u00a0P. Mari\u00ed a sv. Josefem; dole: Sv. Franti\u0161ek a sv. Kl\u00e1ra rozj\u00edmaj\u00ed spolu o v\u011bcech Bo\u017esk\u00fdch. N\u00e1kladem nejmenovan\u00e9ho.<\/td>\n<\/tr>\n<tr>\n<td align=\"right\">14.<\/td>\n<td>Naho\u0159e : Dvan\u00e1ctilet\u00fd Je\u017e\u00ed\u0161 uprost\u0159ed u\u010ditel\u016fv a z\u00e1konn\u00edk\u016f ve chr\u00e1m\u011b; dole: Pape\u017e ve sn\u00e1ch z\u0159i, kterak sv. Franti\u0161ek podp\u00edr\u00e1 basiliku Later\u00e1nskou, hroz\u00edc\u00ed sesut\u00edm. N\u00e1kladem magistr\u00e1tu Star\u00e9ho m\u011bsta Pra\u017esk\u00e9ho.<\/td>\n<\/tr>\n<tr>\n<td align=\"right\">15.<\/td>\n<td>Naho\u0159e: Je\u017e\u00ed\u0161 lou\u010d\u00ed se se svou Matkou, aby nastoupil utrpen\u00ed; dole: Sv. Franti\u0161ek rozj\u00edm\u00e1 o utrpen\u00ed P\u00e1n\u011b. N\u00e1kladem velkov\u00e9vodkyn\u011b Tosk\u00e1nsk\u00e9 Anny Marie Franti\u0161ky.<\/td>\n<\/tr>\n<tr>\n<td align=\"right\">16.<\/td>\n<td>Naho\u0159e: Kristus P\u00e1n na k\u0159\u00ed\u017ei, po stran\u00e1ch P. Maria a sv. Jan; dole: Sv. Franti\u0161ek na ho\u0159e Alvernii stigmatisov\u00e1n. N\u00e1kladem hrab\u011bte Franti\u0161ka Arno\u0161ta z\u00a0Vald\u0161t\u00fdna a man\u017eelky jeho.<\/td>\n<\/tr>\n<tr>\n<td align=\"right\">17.<\/td>\n<td>Naho\u0159e: Sesl\u00e1n\u00ed Ducha sv. na P. Marii a apo\u0161toly; dole: Svat\u00fd Franti\u0161ek na ohniv\u00e9m voze; \u017e\u00e1ci pros\u00ed, aby napln\u011bni byli duchem jeho. N\u00e1kladem kn\u00ed\u017eete z\u00a0Lobkovic.<\/td>\n<\/tr>\n<tr>\n<td align=\"right\">18.<\/td>\n<td>Naho\u0159e: Smrt Panny Marie; dole: Smrt sv. Franti\u0161ka. N\u00e1kladem hrab\u011bte Franti\u0161ka Damiana ze \u0160ternberka.<\/td>\n<\/tr>\n<tr>\n<td align=\"right\">19.<\/td>\n<td>Naho\u0159e: Nanebevzet\u00ed P. Marie; dole: Sv. Franti\u0161ek po smrti stoj\u00ed vzp\u0159\u00edmen. N\u00e1kladem hrabete Karla Joachima z\u00a0Bredy a man\u017eelky jeho.<\/td>\n<\/tr>\n<tr>\n<td align=\"right\">20.<\/td>\n<td>Naho\u0159e: Korunov\u00e1n\u00ed Panny Marie; dole: Sv. Franti\u0161ek ve sl\u00e1v\u011b nebesk\u00e9. N\u00e1kladem hrabete Karla Joachima z\u00a0Bredy.<\/td>\n<\/tr>\n<\/tbody>\n<\/table>\n<p class=\"cz\">Na z\u0159\u00edzen\u00ed jedn\u00e9 kaple dal ka\u017ed\u00fd z\u00a0dobrodinc\u016f 220 zl., a to 200 zl. na zbudov\u00e1n\u00ed kaple a 20 zl. na udr\u017eov\u00e1n\u00ed jej\u00ed. Zedn\u00edk Franti\u0161ek Fortin obdr\u017eel 50 zl. za ka\u017edou kapli, za v\u0161echny tedy 1000 zl.;Franti\u0161ek kamen\u00edk Herstorff obdr\u017eel za ka\u017edou 70 kapli zl., \u00fahrnem tedy 1400\u00a01000zl.; mal\u00ed\u0159 Schar (Schor?) obdr\u017eel za ka\u017edou 30 zl., celkem 600 zl. .<\/p>\n<p class=\"cz\">V letech 1751\u201452 byly v\u0161echny kapli\u010dky opraveny; jednotliv\u00e9 z\u00a0nich opravov\u00e1ny byly \u010dast\u011bji; roku 1773 opraveno bylo 10 kapl\u00ed po\u010d\u00ednaj\u00edc od H\u00e1jku ku Praze a znaky a obrazy na nich nov\u011b vymalov\u00e1ny; roku 1774 opraveny byly t\u00fdm\u017e zp\u016fsobem kaple ostatn\u00ed; posl\u00e9ze opraveny byly kaple ty v\u00a0letech 1899 \u2014 1900. Tehd\u00e1\u017e ji\u017e jich bylo pouze \u010dtrn\u00e1ct.<\/p>\n","protected":false},"excerpt":{"rendered":"<p>Poutn\u00ed cesta do H\u00e1jku &nbsp; Popis poutn\u00ed cesty z\u00a0knihy biskpa Anton\u00edna Podlahy. P\u0159i cest\u011b vedouc\u00ed od Prahy, k\u00a0H\u00e1jku zbudov\u00e1no bylo vletech 1720\u201424 n\u00e1kladem dobrodinc\u016f dvacet kapli\u010dek. V\u00a0pam\u011btn\u00ed knize kl\u00e1\u0161tern\u00ed zachoval se zaj\u00edmav\u00fd p\u016fvodn\u00ed tu\u0161ovan\u00fd n\u00e1kres z\u00a0roku 1720, jen\u017e pod\u00e1v\u00e1 dva \u201avarianty\u2018, dle nich\u017e kaple m\u011bly b\u00fdti provedeny. Ve v\u00fdklenc\u00edch byly malby na om\u00edtce, zn\u00e1zor\u0148uj\u00edc\u00ed v\u00a0ho\u0159ej\u0161\u00ed [&hellip;]<\/p>\n","protected":false},"author":1,"featured_media":0,"parent":0,"menu_order":0,"comment_status":"closed","ping_status":"closed","template":"","meta":[],"_links":{"self":[{"href":"https:\/\/hajek.ofm.cz\/index.php?rest_route=\/wp\/v2\/pages\/133"}],"collection":[{"href":"https:\/\/hajek.ofm.cz\/index.php?rest_route=\/wp\/v2\/pages"}],"about":[{"href":"https:\/\/hajek.ofm.cz\/index.php?rest_route=\/wp\/v2\/types\/page"}],"author":[{"embeddable":true,"href":"https:\/\/hajek.ofm.cz\/index.php?rest_route=\/wp\/v2\/users\/1"}],"replies":[{"embeddable":true,"href":"https:\/\/hajek.ofm.cz\/index.php?rest_route=%2Fwp%2Fv2%2Fcomments&post=133"}],"version-history":[{"count":2,"href":"https:\/\/hajek.ofm.cz\/index.php?rest_route=\/wp\/v2\/pages\/133\/revisions"}],"predecessor-version":[{"id":135,"href":"https:\/\/hajek.ofm.cz\/index.php?rest_route=\/wp\/v2\/pages\/133\/revisions\/135"}],"wp:attachment":[{"href":"https:\/\/hajek.ofm.cz\/index.php?rest_route=%2Fwp%2Fv2%2Fmedia&parent=133"}],"curies":[{"name":"wp","href":"https:\/\/api.w.org\/{rel}","templated":true}]}}