{"id":170,"date":"2022-04-01T14:33:30","date_gmt":"2022-04-01T14:33:30","guid":{"rendered":"https:\/\/hajek.ofm.cz\/?page_id=170"},"modified":"2022-04-01T14:33:30","modified_gmt":"2022-04-01T14:33:30","slug":"dotace-ministerstva-kultury","status":"publish","type":"page","link":"https:\/\/hajek.ofm.cz\/?page_id=170","title":{"rendered":"Dotace Ministerstva kultury"},"content":{"rendered":"<p><strong>\u201eOBNOVA FRANTI\u0160K\u00c1NSK\u00c9HO KL\u00c1\u0160TERA H\u00c1JEK v\u00a0roce 2018\u201c<\/strong><\/p>\n<p>Dotace MK\u010cR \u2013 Program z\u00e1chrany architektonick\u00e9ho d\u011bdictv\u00ed v\u00a0roce 2018:<\/p>\n<p>Finan\u010dn\u00ed p\u0159\u00edsp\u011bvek MK: 1,300.000,00\u00a0K\u010d<\/p>\n<p>Finan\u010dn\u00ed spolu\u00fa\u010dast Provincie OFM: 374\u00a0397,00\u00a0K\u010d<\/p>\n<p>N\u00e1klady celkem: 1,674.397,00\u00a0K\u010d<\/p>\n<p>P\u0159edm\u011bt d\u00edla:<\/p>\n<p>\u2013 sana\u010dn\u00ed \u00fapravy z\u00e1padn\u00edho k\u0159\u00eddla,<\/p>\n<p>\u2013 dokon\u010den\u00ed obnovy na z\u00e1padn\u00edm k\u0159\u00eddle kl\u00e1\u0161tera v\u00a0H\u00e1jku st\u0159e\u0161n\u00edho pl\u00e1\u0161t\u011b v\u010d. dopl\u0148k\u016f st\u0159ech (volsk\u00fdch o\u010d\u00ed), tesa\u0159sk\u00e9 a klemp\u00ed\u0159sk\u00e9 pr\u00e1ce a v\u00fdm\u011bna st\u0159e\u0161n\u00ed krytiny.<\/p>\n<p>Vyhodnocen\u00ed a v\u00fdsledky akce obnovy kulturn\u00ed pam\u00e1tky za\u0159azen\u00e9 a dotovan\u00e9 Ministerstvem kultury v\u00a0Programu z\u00e1chrany architektonick\u00e9ho d\u011bdictv\u00ed v\u00a0roce 2018:<\/p>\n<p>\u2013 P\u0159\u00ed\u010dinou poruch na z\u00e1padn\u00ed stran\u011b kl\u00e1\u0161tera bylo letit\u00e9 zat\u00e9k\u00e1n\u00ed vody do st\u0159e\u0161n\u00edho pl\u00e1\u0161t\u011b, \u0159\u00edms a obvodov\u00fdch st\u011bn, kdy vlivem pov\u011btrnosti do\u0161lo k\u00a0rozpadnut\u00ed zdiva a stavebn\u011b-technick\u00fd stav se neust\u00e1le zhor\u0161oval.<\/p>\n<p>\u2013 Realizac\u00ed akce obnovy do\u0161lo k\u00a0celkov\u00e9 revitalizaci st\u0159e\u0161n\u00ed konstrukce z\u00e1padn\u00edho k\u0159\u00eddla kl\u00e1\u0161tera a byl odstran\u011bn havarijn\u00ed stav z\u00e1padn\u00edho n\u00e1ro\u017e\u00ed. Byla pozastavena degradace v\u0161ech dot\u010den\u00fdch konstrukc\u00ed.<\/p>\n<p>\u2013 Po v\u00edce jak dvan\u00e1ctilet\u00e9 postupn\u00e9 obnov\u011b st\u0159ech kl\u00e1\u0161tera byla d\u00edky finan\u010dn\u00edm podpor\u00e1m ze st\u00e1tn\u00edho rozpo\u010dtu (MK, krajsk\u00fd \u00fa\u0159ad St\u0159edo\u010desk\u00e9ho kraje) obnova st\u0159e\u0161n\u00edho pl\u00e1\u0161t\u011b franti\u0161k\u00e1nsk\u00e9ho kl\u00e1\u0161tera v\u00a0H\u00e1jku dokon\u010dena a bylo po\u017e\u00e1d\u00e1no o kolaudaci stavby.<\/p>\n<p>Pod\u011bkov\u00e1n\u00ed pat\u0159\u00ed v\u0161em, kte\u0159\u00ed na obnovu h\u00e1jeck\u00e9ho kl\u00e1\u0161tera finan\u010dn\u011b p\u0159isp\u00edvaj\u00ed, \u010di se jin\u00fdm zp\u016fsobem pod\u00edlej\u00ed.<\/p>\n","protected":false},"excerpt":{"rendered":"<p>\u201eOBNOVA FRANTI\u0160K\u00c1NSK\u00c9HO KL\u00c1\u0160TERA H\u00c1JEK v\u00a0roce 2018\u201c Dotace MK\u010cR \u2013 Program z\u00e1chrany architektonick\u00e9ho d\u011bdictv\u00ed v\u00a0roce 2018: Finan\u010dn\u00ed p\u0159\u00edsp\u011bvek MK: 1,300.000,00\u00a0K\u010d Finan\u010dn\u00ed spolu\u00fa\u010dast Provincie OFM: 374\u00a0397,00\u00a0K\u010d N\u00e1klady celkem: 1,674.397,00\u00a0K\u010d P\u0159edm\u011bt d\u00edla: \u2013 sana\u010dn\u00ed \u00fapravy z\u00e1padn\u00edho k\u0159\u00eddla, \u2013 dokon\u010den\u00ed obnovy na z\u00e1padn\u00edm k\u0159\u00eddle kl\u00e1\u0161tera v\u00a0H\u00e1jku st\u0159e\u0161n\u00edho pl\u00e1\u0161t\u011b v\u010d. dopl\u0148k\u016f st\u0159ech (volsk\u00fdch o\u010d\u00ed), tesa\u0159sk\u00e9 a klemp\u00ed\u0159sk\u00e9 pr\u00e1ce a v\u00fdm\u011bna [&hellip;]<\/p>\n","protected":false},"author":1,"featured_media":0,"parent":0,"menu_order":0,"comment_status":"closed","ping_status":"closed","template":"","meta":[],"_links":{"self":[{"href":"https:\/\/hajek.ofm.cz\/index.php?rest_route=\/wp\/v2\/pages\/170"}],"collection":[{"href":"https:\/\/hajek.ofm.cz\/index.php?rest_route=\/wp\/v2\/pages"}],"about":[{"href":"https:\/\/hajek.ofm.cz\/index.php?rest_route=\/wp\/v2\/types\/page"}],"author":[{"embeddable":true,"href":"https:\/\/hajek.ofm.cz\/index.php?rest_route=\/wp\/v2\/users\/1"}],"replies":[{"embeddable":true,"href":"https:\/\/hajek.ofm.cz\/index.php?rest_route=%2Fwp%2Fv2%2Fcomments&post=170"}],"version-history":[{"count":1,"href":"https:\/\/hajek.ofm.cz\/index.php?rest_route=\/wp\/v2\/pages\/170\/revisions"}],"predecessor-version":[{"id":171,"href":"https:\/\/hajek.ofm.cz\/index.php?rest_route=\/wp\/v2\/pages\/170\/revisions\/171"}],"wp:attachment":[{"href":"https:\/\/hajek.ofm.cz\/index.php?rest_route=%2Fwp%2Fv2%2Fmedia&parent=170"}],"curies":[{"name":"wp","href":"https:\/\/api.w.org\/{rel}","templated":true}]}}