{"id":172,"date":"2022-04-01T14:34:31","date_gmt":"2022-04-01T14:34:31","guid":{"rendered":"https:\/\/hajek.ofm.cz\/?page_id=172"},"modified":"2022-04-01T14:34:31","modified_gmt":"2022-04-01T14:34:31","slug":"dotace-stredoceskeho-kraje","status":"publish","type":"page","link":"https:\/\/hajek.ofm.cz\/?page_id=172","title":{"rendered":"Dotace St\u0159edo\u010desk\u00e9ho kraje"},"content":{"rendered":"<p><strong><em><u>\u201eFranti\u0161k\u00e1nsk\u00fd kl\u00e1\u0161ter v&nbsp;H\u00e1jku u \u010cerven\u00e9ho \u00dajezdu &#8211; oprava v\u00fdchodn\u00edho v&nbsp;roce 2018\u201c<\/u><\/em><\/strong><\/p>\n<p>V\u00a0roce 2018 byla Provincii brat\u0159\u00ed franti\u0161k\u00e1n\u016f poskytnuta dotace podle Programu 2018 pro poskytov\u00e1n\u00ed dotac\u00ed <strong>z rozpo\u010dtu St\u0159edo\u010desk\u00e9ho kraje ze St\u0159edo\u010desk\u00e9ho Fondu kultury a obnovy pam\u00e1tek v&nbsp;r\u00e1mci Tematick\u00e9ho zad\u00e1n\u00ed Obnova pam\u00e1tek<\/strong> <strong>za \u00fa\u010delem zaji\u0161t\u011bn\u00ed realizace Akce\/Projektu Franti\u0161k\u00e1nsk\u00fd kl\u00e1\u0161ter v&nbsp;H\u00e1jku u \u010cerven\u00e9ho \u00dajezdu &#8211; oprava v\u00fdchodn\u00edho k\u0159\u00eddla, eviden\u010dn\u00ed \u010d\u00edslo Akce\/Projektu KUL\/OKP\/ 033554\/2018.<\/strong><\/p>\n<p>P\u0159edm\u011btem smlouvy bylo poskytnut\u00ed Provincii brat\u0159\u00ed franti\u0161k\u00e1n\u016f <strong>neinvesti\u010dn\u00ed dotaci z&nbsp;rozpo\u010dtu St\u0159edo\u010desk\u00e9ho kraje ve v\u00fd\u0161i 500.000,00&nbsp;K\u010d<\/strong>.<\/p>\n<p><strong>Celkov\u00e9 finan\u010dn\u00ed n\u00e1klady<\/strong> na realizaci Akce\/Projektu v\u00a0r. 2018 \u010dinily <strong>3,552.835,80&nbsp;K\u010d<\/strong>.<\/p>\n<p><strong>Provincie brat\u0159\u00ed franti\u0161k\u00e1n\u016f<\/strong> Akci dofinancovala ze sv\u00fdch zdroj\u016f ve v\u00fd\u0161i <strong>3,052.835,80&nbsp;K\u010d.<\/strong><\/p>\n<p>&nbsp;<\/p>\n<p><strong>Specifikace Akce:<\/strong> stavebn\u00ed pr\u00e1ce za \u00fa\u010delem <strong>zprovozn\u011bn\u00ed 1.&nbsp;etapy v\u00fdchodn\u00edho k\u0159\u00eddla kl\u00e1\u0161tera H\u00e1jek. <\/strong><\/p>\n<p><strong>Pr\u00e1ce byly soust\u0159ed\u011bny zejm\u00e9na na obnovu prostor\u00a0 b\u00fdval\u00e9ho refekt\u00e1\u0159e &#8211; m\u00edstnost \u010d. 110 a jeho z\u00e1zem\u00ed &#8211; m\u00edstnost \u010d. 109 b\u00fdval\u00e1 kuchy\u0148ka\/z\u00e1zem\u00ed.<\/strong><\/p>\n<p><strong>Z\u00e1kladn\u00ed vzorek rozsahu prac\u00ed realizovan\u00fdch<\/strong> na z\u00e1klad\u011b podrobn\u00fdch pr\u016fzkum\u016f\u00a0 p\u0159ed zah\u00e1jen\u00edm vlastn\u00edch prac\u00ed za \u00fa\u010dasti z\u00e1stupc\u016f org\u00e1n\u016f pam\u00e1tkov\u00e9 p\u00e9\u010de:<\/p>\n<ul>\n<li><em>v\u00fdm\u011bna <\/em>n\u011bkter\u00fdch prvk\u016f PSV \u2013 <em>v\u00fdm\u011bna 8 kus\u016f oken<\/em>,<\/li>\n<li><em>\u00faprava vnit\u0159n\u00edch povrch\u016f \u2013 om\u00edtek<\/em>: na z\u00e1klad\u011b v\u00fdsledk\u016f proveden\u00e9ho rozs\u00e1hl\u00e9ho stratigrafick\u00e9ho pr\u016fzkumu, kter\u00fd m\u011bl za \u00fakol vylou\u010dit existenci p\u0159\u00edpadn\u00e9 dekorativn\u00ed \u00fapravy na bo\u010dn\u00edch zdech a klenb\u011b refekt\u00e1\u0159e, byl vypracov\u00e1n postup oprav ploch zd\u00ed a klenby: nesoudr\u017en\u00e9 nep\u016fvodn\u00ed n\u00e1t\u011bry hlinek a v\u00e1pna spolu se \u0161tukov\u00fdmi mezivrstvami byly mechanicky odstran\u011bny s&nbsp;ohledem na degradovan\u00e9 p\u016fvodn\u00ed om\u00edtkov\u00e9 souvrstv\u00ed a p\u016fvodn\u00ed barevnou \u00fapravu v&nbsp;hn\u011bdo-\u0161ediv\u00e9m odst\u00ednu v&nbsp;cel\u00e9 plo\u0161e zd\u00ed a klenby. Takto odkryt\u00e1 nejstar\u0161\u00ed plocha byla zpevn\u011bna v\u00e1penn\u00fdm ml\u00e9kem, chyb\u011bj\u00edc\u00ed m\u00edsta byla zednicky opravena v\u00e1penn\u00fdmi materi\u00e1ly a uta\u017eena tzv. \u201egletov\u00e1n\u00edm.\u201c Praskliny byly zpevn\u011bny v\u00e1pennou ka\u0161\u00ed. Vystoupl\u00e9 vyspr\u00e1vky, zejm\u00e9na po rozvodu instalac\u00ed, byly zabrou\u0161eny do \u00farovn\u011b p\u016fvodn\u00ed om\u00edtkov\u00e9 plochy. Takto vyspraven\u00fd povrch byl celoplo\u0161n\u011b p\u0159eta\u017een v\u00e1pennou gletovanou om\u00edtkou,<\/li>\n<li><em>celoplo\u0161n\u00e1 v\u00fdmalba (657 m2)<\/em> v&nbsp;\u0159e\u0161en\u00fdch m\u00edstnostech,<\/li>\n<li><em>realizace nov\u00e9 podlahy<\/em>: p\u016fvodn\u00ed skladba neprov\u011btr\u00e1van\u00e9 podlahy navrhovan\u00e1 v\u00a0PD z\u00a0roku 2014 byla znovu posouzena objednatelem, projektantem, z\u00e1stupcem pam\u00e1tk\u00e1\u0159\u016f. Na z\u00e1klad\u011b nov\u00fdch skute\u010dnost\u00ed byla skladba podlahy p\u0159ehodnocena a bylo dohodnuto a jmenovan\u00fdmi odsouhlaseno, \u017ee bude vypracov\u00e1n dodatek k&nbsp;PD s&nbsp;pou\u017eit\u00edm syst\u00e9mu tzv. igl\u00fa = nenas\u00e1kav\u00e9 tepeln\u011b izola\u010dn\u00ed hmoty. Byly dopln\u011bny n\u00e1sypy nad obna\u017een\u00fdmi klenbami s&nbsp;pou\u017eit\u00edm nov\u00fdch n\u00e1\u0161lapn\u00fdch povrch\u016f, byla polo\u017eena podkladn\u00ed betonov\u00e1 mazanina (12 m3), a nakonec byla <em>polo\u017eena nov\u00e1 dla\u017eba (139 m2),<\/em><\/li>\n<li>renovace a dopln\u011bn\u00ed chyb\u011bj\u00edc\u00edch dve\u0159\u00ed,<\/li>\n<li>.<\/li>\n<\/ul>\n<p>Vyhodnocen\u00ed a v\u00fdsledky akce obnovy kulturn\u00ed pam\u00e1tky v\u00a0r. 2018:<\/p>\n<p>Zd\u00e1rn\u00e9 dokon\u010den\u00ed prvn\u00ed etapy obnovy v\u00fdchodn\u00edho k\u0159\u00eddla umo\u017en\u00ed plnohodnotn\u00e9 u\u017e\u00edv\u00e1n\u00ed a vyu\u017eit\u00ed refekt\u00e1\u0159e a kuchy\u0148ky pro celospole\u010densk\u00e9 vyu\u017eit\u00ed i pro aktivity Provincie brat\u0159\u00ed franti\u0161k\u00e1n\u016f.<\/p>\n<p>V\u011b\u0159me, \u017ee i v\u00a0letech n\u00e1sleduj\u00edc\u00edch se poda\u0159\u00ed v\u00a0postupn\u00e9 obnov\u011b v\u00fdchodn\u00edho k\u0159\u00eddla pokra\u010dovat. V\u0161em sympatizant\u016fm, d\u00e1rc\u016fm, pomocn\u00edk\u016fm a brig\u00e1dn\u00edk\u016fm, v\u00a0neposledn\u00ed \u0159ad\u011b i prov\u00e1d\u011bj\u00edc\u00ed firm\u011b pat\u0159\u00ed velik\u00e9 P\u00e1n B\u016fh zapla\u0165!<\/p>\n<p>&nbsp;<\/p>\n<p>&nbsp;<\/p>\n<p>&nbsp;<\/p>\n<p>&nbsp;<\/p>\n","protected":false},"excerpt":{"rendered":"<p>\u201eFranti\u0161k\u00e1nsk\u00fd kl\u00e1\u0161ter v&nbsp;H\u00e1jku u \u010cerven\u00e9ho \u00dajezdu &#8211; oprava v\u00fdchodn\u00edho v&nbsp;roce 2018\u201c V\u00a0roce 2018 byla Provincii brat\u0159\u00ed franti\u0161k\u00e1n\u016f poskytnuta dotace podle Programu 2018 pro poskytov\u00e1n\u00ed dotac\u00ed z rozpo\u010dtu St\u0159edo\u010desk\u00e9ho kraje ze St\u0159edo\u010desk\u00e9ho Fondu kultury a obnovy pam\u00e1tek v&nbsp;r\u00e1mci Tematick\u00e9ho zad\u00e1n\u00ed Obnova pam\u00e1tek za \u00fa\u010delem zaji\u0161t\u011bn\u00ed realizace Akce\/Projektu Franti\u0161k\u00e1nsk\u00fd kl\u00e1\u0161ter v&nbsp;H\u00e1jku u \u010cerven\u00e9ho \u00dajezdu &#8211; oprava v\u00fdchodn\u00edho [&hellip;]<\/p>\n","protected":false},"author":1,"featured_media":0,"parent":0,"menu_order":0,"comment_status":"closed","ping_status":"closed","template":"","meta":[],"_links":{"self":[{"href":"https:\/\/hajek.ofm.cz\/index.php?rest_route=\/wp\/v2\/pages\/172"}],"collection":[{"href":"https:\/\/hajek.ofm.cz\/index.php?rest_route=\/wp\/v2\/pages"}],"about":[{"href":"https:\/\/hajek.ofm.cz\/index.php?rest_route=\/wp\/v2\/types\/page"}],"author":[{"embeddable":true,"href":"https:\/\/hajek.ofm.cz\/index.php?rest_route=\/wp\/v2\/users\/1"}],"replies":[{"embeddable":true,"href":"https:\/\/hajek.ofm.cz\/index.php?rest_route=%2Fwp%2Fv2%2Fcomments&post=172"}],"version-history":[{"count":2,"href":"https:\/\/hajek.ofm.cz\/index.php?rest_route=\/wp\/v2\/pages\/172\/revisions"}],"predecessor-version":[{"id":174,"href":"https:\/\/hajek.ofm.cz\/index.php?rest_route=\/wp\/v2\/pages\/172\/revisions\/174"}],"wp:attachment":[{"href":"https:\/\/hajek.ofm.cz\/index.php?rest_route=%2Fwp%2Fv2%2Fmedia&parent=172"}],"curies":[{"name":"wp","href":"https:\/\/api.w.org\/{rel}","templated":true}]}}