{"id":306,"date":"2024-03-14T21:22:13","date_gmt":"2024-03-14T21:22:13","guid":{"rendered":"https:\/\/hajek.ofm.cz\/?page_id=306"},"modified":"2024-03-14T22:03:10","modified_gmt":"2024-03-14T22:03:10","slug":"rok-2019","status":"publish","type":"page","link":"https:\/\/hajek.ofm.cz\/?page_id=306","title":{"rendered":"Rok 2019"},"content":{"rendered":"<h3><strong>Proveden\u00e9 pr\u00e1ce v roce 2019:<\/strong><\/h3>\n<p>Zah\u00e1jena oprava fas\u00e1dy severov\u00fdchodn\u00edho rohu kl\u00e1\u0161tera.<br \/>\nZah\u00e1jeno venkovn\u00ed odvodn\u011bn\u00ed de\u0161\u0165ov\u00fdch vod v\u00fdchodn\u00edho k\u0159\u00eddla.<\/p>\n<p><a href=\"https:\/\/hajek.ofm.cz\/wp-content\/uploads\/2024\/03\/DSC_3634.jpg\"><img decoding=\"async\" loading=\"lazy\" class=\"size-medium wp-image-316 alignright\" src=\"https:\/\/hajek.ofm.cz\/wp-content\/uploads\/2024\/03\/DSC_3634-300x200.jpg\" alt=\"\" width=\"300\" height=\"200\" srcset=\"https:\/\/hajek.ofm.cz\/wp-content\/uploads\/2024\/03\/DSC_3634-300x200.jpg 300w, https:\/\/hajek.ofm.cz\/wp-content\/uploads\/2024\/03\/DSC_3634-768x512.jpg 768w, https:\/\/hajek.ofm.cz\/wp-content\/uploads\/2024\/03\/DSC_3634.jpg 1024w\" sizes=\"(max-width: 300px) 100vw, 300px\" \/><\/a><\/p>\n<p><a href=\"https:\/\/hajek.ofm.cz\/wp-content\/uploads\/2024\/03\/DSC_3595.jpg\"><img decoding=\"async\" loading=\"lazy\" class=\"size-medium wp-image-315\" src=\"https:\/\/hajek.ofm.cz\/wp-content\/uploads\/2024\/03\/DSC_3595-300x203.jpg\" alt=\"\" width=\"300\" height=\"203\" srcset=\"https:\/\/hajek.ofm.cz\/wp-content\/uploads\/2024\/03\/DSC_3595-300x203.jpg 300w, https:\/\/hajek.ofm.cz\/wp-content\/uploads\/2024\/03\/DSC_3595-768x520.jpg 768w, https:\/\/hajek.ofm.cz\/wp-content\/uploads\/2024\/03\/DSC_3595.jpg 1024w\" sizes=\"(max-width: 300px) 100vw, 300px\" \/><\/a><\/p>\n<p><strong>Akce v H\u00e1jku:<\/strong><br \/>\nPoutn\u00ed m\u0161e svat\u00e9 14.<br \/>\nKoncert pro velvyslance z cel\u00e9ho sv\u011bta. Prvn\u00ed ve\u0159ejn\u00e1 akce v nov\u011b rekonstruovan\u00e9m refekt\u00e1\u0159i<br \/>\nCharismatick\u00e9 setk\u00e1n\u00ed NEW DAWN<br \/>\nForma\u010dn\u00ed setk\u00e1n\u00ed brat\u0159\u00ed<br \/>\nMinistrantsk\u00e9 brig\u00e1dy<br \/>\nDuchovn\u00ed obnovy<br \/>\nTerci\u00e1\u0159sk\u00e1 setk\u00e1v\u00e1n\u00ed<br \/>\nBrig\u00e1dy pro v\u0161echny generace<\/p>\n<p>\u0160koln\u00ed exkurze<br \/>\nPl\u00e1novan\u00e9 i n\u00e1hodn\u00e9 prohl\u00eddky<br \/>\nPoustevnick\u00e9 aktivity brat\u0159\u00ed<br \/>\nSoukrom\u00e9 akce (svatby, oslavy narozenin atd.)<\/p>\n<p>&nbsp;<\/p>\n","protected":false},"excerpt":{"rendered":"<p>Proveden\u00e9 pr\u00e1ce v roce 2019: Zah\u00e1jena oprava fas\u00e1dy severov\u00fdchodn\u00edho rohu kl\u00e1\u0161tera. Zah\u00e1jeno venkovn\u00ed odvodn\u011bn\u00ed de\u0161\u0165ov\u00fdch vod v\u00fdchodn\u00edho k\u0159\u00eddla. Akce v H\u00e1jku: Poutn\u00ed m\u0161e svat\u00e9 14. Koncert pro velvyslance z cel\u00e9ho sv\u011bta. Prvn\u00ed ve\u0159ejn\u00e1 akce v nov\u011b rekonstruovan\u00e9m refekt\u00e1\u0159i Charismatick\u00e9 setk\u00e1n\u00ed NEW DAWN Forma\u010dn\u00ed setk\u00e1n\u00ed brat\u0159\u00ed Ministrantsk\u00e9 brig\u00e1dy Duchovn\u00ed obnovy Terci\u00e1\u0159sk\u00e1 setk\u00e1v\u00e1n\u00ed Brig\u00e1dy pro v\u0161echny generace [&hellip;]<\/p>\n","protected":false},"author":2,"featured_media":0,"parent":0,"menu_order":0,"comment_status":"closed","ping_status":"closed","template":"","meta":[],"_links":{"self":[{"href":"https:\/\/hajek.ofm.cz\/index.php?rest_route=\/wp\/v2\/pages\/306"}],"collection":[{"href":"https:\/\/hajek.ofm.cz\/index.php?rest_route=\/wp\/v2\/pages"}],"about":[{"href":"https:\/\/hajek.ofm.cz\/index.php?rest_route=\/wp\/v2\/types\/page"}],"author":[{"embeddable":true,"href":"https:\/\/hajek.ofm.cz\/index.php?rest_route=\/wp\/v2\/users\/2"}],"replies":[{"embeddable":true,"href":"https:\/\/hajek.ofm.cz\/index.php?rest_route=%2Fwp%2Fv2%2Fcomments&post=306"}],"version-history":[{"count":8,"href":"https:\/\/hajek.ofm.cz\/index.php?rest_route=\/wp\/v2\/pages\/306\/revisions"}],"predecessor-version":[{"id":322,"href":"https:\/\/hajek.ofm.cz\/index.php?rest_route=\/wp\/v2\/pages\/306\/revisions\/322"}],"wp:attachment":[{"href":"https:\/\/hajek.ofm.cz\/index.php?rest_route=%2Fwp%2Fv2%2Fmedia&parent=306"}],"curies":[{"name":"wp","href":"https:\/\/api.w.org\/{rel}","templated":true}]}}