{"id":352,"date":"2025-01-02T21:13:17","date_gmt":"2025-01-02T21:13:17","guid":{"rendered":"https:\/\/hajek.ofm.cz\/?page_id=352"},"modified":"2025-03-09T09:54:48","modified_gmt":"2025-03-09T09:54:48","slug":"rok-2021","status":"publish","type":"page","link":"https:\/\/hajek.ofm.cz\/?page_id=352","title":{"rendered":"Rok 2021"},"content":{"rendered":"<p>&nbsp;<\/p>\n<p><a href=\"https:\/\/hajek.ofm.cz\/wp-content\/uploads\/2025\/01\/IMG_20210409_133425Hajek-fotokronika.jpg\"><img decoding=\"async\" loading=\"lazy\" class=\"size-medium wp-image-362\" src=\"https:\/\/hajek.ofm.cz\/wp-content\/uploads\/2025\/01\/IMG_20210409_133425Hajek-fotokronika-225x300.jpg\" alt=\"\" width=\"225\" height=\"300\" srcset=\"https:\/\/hajek.ofm.cz\/wp-content\/uploads\/2025\/01\/IMG_20210409_133425Hajek-fotokronika-225x300.jpg 225w, https:\/\/hajek.ofm.cz\/wp-content\/uploads\/2025\/01\/IMG_20210409_133425Hajek-fotokronika-768x1024.jpg 768w, https:\/\/hajek.ofm.cz\/wp-content\/uploads\/2025\/01\/IMG_20210409_133425Hajek-fotokronika-1152x1536.jpg 1152w, https:\/\/hajek.ofm.cz\/wp-content\/uploads\/2025\/01\/IMG_20210409_133425Hajek-fotokronika.jpg 1536w\" sizes=\"(max-width: 225px) 100vw, 225px\" \/><\/a><a href=\"https:\/\/hajek.ofm.cz\/wp-content\/uploads\/2025\/01\/IMG_20210409_133259Hajek-fotokronika.jpg\"><img decoding=\"async\" loading=\"lazy\" class=\"size-medium wp-image-359 alignleft\" src=\"https:\/\/hajek.ofm.cz\/wp-content\/uploads\/2025\/01\/IMG_20210409_133259Hajek-fotokronika-264x300.jpg\" alt=\"\" width=\"264\" height=\"300\" srcset=\"https:\/\/hajek.ofm.cz\/wp-content\/uploads\/2025\/01\/IMG_20210409_133259Hajek-fotokronika-264x300.jpg 264w, https:\/\/hajek.ofm.cz\/wp-content\/uploads\/2025\/01\/IMG_20210409_133259Hajek-fotokronika-903x1024.jpg 903w, https:\/\/hajek.ofm.cz\/wp-content\/uploads\/2025\/01\/IMG_20210409_133259Hajek-fotokronika-768x871.jpg 768w, https:\/\/hajek.ofm.cz\/wp-content\/uploads\/2025\/01\/IMG_20210409_133259Hajek-fotokronika-1354x1536.jpg 1354w, https:\/\/hajek.ofm.cz\/wp-content\/uploads\/2025\/01\/IMG_20210409_133259Hajek-fotokronika.jpg 1805w\" sizes=\"(max-width: 264px) 100vw, 264px\" \/><\/a><\/p>\n<p>&nbsp;<\/p>\n<p><strong>Proveden\u00e9\u00a0pr\u00e1ce\u00a0v roce 2021:<\/strong><\/p>\n<p>Pok\u00e1ceny v\u0161echny smrkov\u00e9 stromy &#8211; napaden\u00e9 k\u016frovcem.<\/p>\n<p>Proveden 70 m hlubok\u00fd vrt na vodu za kl\u00e1\u0161terem.<\/p>\n<p>V\u00fdkopy, kter\u00fdmi byly p\u0159ivedeny nov\u00e9 rozvody<\/p>\n<p>vody a elekt\u0159iny.<\/p>\n<p>Opravena vnit\u0159n\u00ed fas\u00e1da v\u00fdchodn\u00edho k\u0159\u00eddla.<\/p>\n<p>Opraven provoz kl\u00e1\u0161tern\u00ed studny.<\/p>\n<p>&nbsp;<\/p>\n<p><strong>Akce v\u00a0H\u00e1jku:<\/strong><\/p>\n<p>Poutn\u00ed m\u0161e svat\u00e9<\/p>\n<p>Charismatick\u00e9 setk\u00e1n\u00ed NEW DAWN<\/p>\n<p>Forma\u010dn\u00ed setk\u00e1n\u00ed brat\u0159\u00ed<\/p>\n<p>Ministrantsk\u00e9 brig\u00e1dy<\/p>\n<p>Duchovn\u00ed obnovy<\/p>\n<p>Terci\u00e1\u0159sk\u00e1 setk\u00e1v\u00e1n\u00ed<\/p>\n<p>Brig\u00e1dy pro v\u0161echny generace<\/p>\n<p>\u0160koln\u00ed exkurze<\/p>\n<p>Pl\u00e1novan\u00e9 i n\u00e1hodn\u00e9 prohl\u00eddky<\/p>\n<p>Poustevnick\u00e9 aktivity brat\u0159\u00ed<\/p>\n<p>Soukrom\u00e9 akce (svatby, oslavy narozenin atd.)<\/p>\n<p>&nbsp;<\/p>\n","protected":false},"excerpt":{"rendered":"<p>&nbsp; &nbsp; Proveden\u00e9\u00a0pr\u00e1ce\u00a0v roce 2021: Pok\u00e1ceny v\u0161echny smrkov\u00e9 stromy &#8211; napaden\u00e9 k\u016frovcem. Proveden 70 m hlubok\u00fd vrt na vodu za kl\u00e1\u0161terem. V\u00fdkopy, kter\u00fdmi byly p\u0159ivedeny nov\u00e9 rozvody vody a elekt\u0159iny. Opravena vnit\u0159n\u00ed fas\u00e1da v\u00fdchodn\u00edho k\u0159\u00eddla. Opraven provoz kl\u00e1\u0161tern\u00ed studny. &nbsp; Akce v\u00a0H\u00e1jku: Poutn\u00ed m\u0161e svat\u00e9 Charismatick\u00e9 setk\u00e1n\u00ed NEW DAWN Forma\u010dn\u00ed setk\u00e1n\u00ed brat\u0159\u00ed Ministrantsk\u00e9 brig\u00e1dy Duchovn\u00ed [&hellip;]<\/p>\n","protected":false},"author":2,"featured_media":0,"parent":0,"menu_order":0,"comment_status":"closed","ping_status":"closed","template":"","meta":[],"_links":{"self":[{"href":"https:\/\/hajek.ofm.cz\/index.php?rest_route=\/wp\/v2\/pages\/352"}],"collection":[{"href":"https:\/\/hajek.ofm.cz\/index.php?rest_route=\/wp\/v2\/pages"}],"about":[{"href":"https:\/\/hajek.ofm.cz\/index.php?rest_route=\/wp\/v2\/types\/page"}],"author":[{"embeddable":true,"href":"https:\/\/hajek.ofm.cz\/index.php?rest_route=\/wp\/v2\/users\/2"}],"replies":[{"embeddable":true,"href":"https:\/\/hajek.ofm.cz\/index.php?rest_route=%2Fwp%2Fv2%2Fcomments&post=352"}],"version-history":[{"count":8,"href":"https:\/\/hajek.ofm.cz\/index.php?rest_route=\/wp\/v2\/pages\/352\/revisions"}],"predecessor-version":[{"id":468,"href":"https:\/\/hajek.ofm.cz\/index.php?rest_route=\/wp\/v2\/pages\/352\/revisions\/468"}],"wp:attachment":[{"href":"https:\/\/hajek.ofm.cz\/index.php?rest_route=%2Fwp%2Fv2%2Fmedia&parent=352"}],"curies":[{"name":"wp","href":"https:\/\/api.w.org\/{rel}","templated":true}]}}