{"id":38,"date":"2022-03-31T10:02:02","date_gmt":"2022-03-31T10:02:02","guid":{"rendered":"https:\/\/hajek.ofm.cz\/?page_id=38"},"modified":"2022-03-31T10:02:02","modified_gmt":"2022-03-31T10:02:02","slug":"poutni-cesta","status":"publish","type":"page","link":"https:\/\/hajek.ofm.cz\/?page_id=38","title":{"rendered":"Poutn\u00ed cesta"},"content":{"rendered":"<p>Poutn\u00ed cest\u011b jsou v\u011bnovan\u00e9 samostatn\u00e9 str\u00e1nky\u00a0 <a href=\"http:\/\/www.poutnicestahajek.cz\/\" target=\"_blank\" rel=\"noopener\">www.poutnicestahajek.cz<\/a>\u00a0 provozovan\u00e9 ob\u010dansk\u00e9 sdru\u017een\u00edm \u201ePoutn\u00ed cesta H\u00e1jek\u201c.<\/p>\n<p><a href=\"https:\/\/hajek.ofm.cz\/wp-content\/uploads\/2022\/03\/Hajek_mapa.jpg\"><img decoding=\"async\" loading=\"lazy\" class=\"alignnone wp-image-39 size-full\" src=\"https:\/\/hajek.ofm.cz\/wp-content\/uploads\/2022\/03\/Hajek_mapa.jpg\" alt=\"\" width=\"1608\" height=\"569\" srcset=\"https:\/\/hajek.ofm.cz\/wp-content\/uploads\/2022\/03\/Hajek_mapa.jpg 1608w, https:\/\/hajek.ofm.cz\/wp-content\/uploads\/2022\/03\/Hajek_mapa-300x106.jpg 300w, https:\/\/hajek.ofm.cz\/wp-content\/uploads\/2022\/03\/Hajek_mapa-1024x362.jpg 1024w, https:\/\/hajek.ofm.cz\/wp-content\/uploads\/2022\/03\/Hajek_mapa-768x272.jpg 768w, https:\/\/hajek.ofm.cz\/wp-content\/uploads\/2022\/03\/Hajek_mapa-1536x544.jpg 1536w\" sizes=\"(max-width: 1608px) 100vw, 1608px\" \/><\/a><\/p>\n","protected":false},"excerpt":{"rendered":"<p>Poutn\u00ed cest\u011b jsou v\u011bnovan\u00e9 samostatn\u00e9 str\u00e1nky\u00a0 www.poutnicestahajek.cz\u00a0 provozovan\u00e9 ob\u010dansk\u00e9 sdru\u017een\u00edm \u201ePoutn\u00ed cesta H\u00e1jek\u201c.<\/p>\n","protected":false},"author":1,"featured_media":0,"parent":0,"menu_order":0,"comment_status":"closed","ping_status":"closed","template":"","meta":[],"_links":{"self":[{"href":"https:\/\/hajek.ofm.cz\/index.php?rest_route=\/wp\/v2\/pages\/38"}],"collection":[{"href":"https:\/\/hajek.ofm.cz\/index.php?rest_route=\/wp\/v2\/pages"}],"about":[{"href":"https:\/\/hajek.ofm.cz\/index.php?rest_route=\/wp\/v2\/types\/page"}],"author":[{"embeddable":true,"href":"https:\/\/hajek.ofm.cz\/index.php?rest_route=\/wp\/v2\/users\/1"}],"replies":[{"embeddable":true,"href":"https:\/\/hajek.ofm.cz\/index.php?rest_route=%2Fwp%2Fv2%2Fcomments&post=38"}],"version-history":[{"count":1,"href":"https:\/\/hajek.ofm.cz\/index.php?rest_route=\/wp\/v2\/pages\/38\/revisions"}],"predecessor-version":[{"id":40,"href":"https:\/\/hajek.ofm.cz\/index.php?rest_route=\/wp\/v2\/pages\/38\/revisions\/40"}],"wp:attachment":[{"href":"https:\/\/hajek.ofm.cz\/index.php?rest_route=%2Fwp%2Fv2%2Fmedia&parent=38"}],"curies":[{"name":"wp","href":"https:\/\/api.w.org\/{rel}","templated":true}]}}