{"id":389,"date":"2025-02-14T17:44:43","date_gmt":"2025-02-14T17:44:43","guid":{"rendered":"https:\/\/hajek.ofm.cz\/?page_id=389"},"modified":"2026-04-16T13:25:19","modified_gmt":"2026-04-16T13:25:19","slug":"potreby-hajku","status":"publish","type":"page","link":"https:\/\/hajek.ofm.cz\/?page_id=389","title":{"rendered":"Pot\u0159eby H\u00e1jku"},"content":{"rendered":"<p style=\"text-align: center;\">Pokoj a Dobro draz\u00ed poutn\u00edci a p\u0159\u00e1tel\u00e9 H\u00e1jku.<\/p>\n<p style=\"text-align: center;\"><span style=\"color: #0000ff;\"><strong>Leto\u0161n\u00edm Jubilejn\u00edm roce, od smrti sv. Franti\u0161ka, n\u00e1s v H\u00e1jku 2026 \u010dek\u00e1:<\/strong><\/span><\/p>\n<ul>\n<li><span style=\"color: #008000;\"><span style=\"color: #ff0000;\"><b>Dokon\u010deno<\/b><\/span><\/span><span style=\"color: #008000;\">\u00a0<strong style=\"color: #ff0000;\">soci\u00e1ln\u00ed za\u0159\u00edzen\u00ed, <span style=\"color: #008000;\">v<\/span><\/strong> rizalitu v\u00fdchodn\u00edho k\u0159\u00eddla. Je\u0161t\u011b chyb\u00ed j\u00edmka a t\u00edm napojen\u00ed na m\u00edstn\u00ed \u010cOV, ale\u00a0 v prvn\u00edm pat\u0159e bude hotovo. T\u00edm bude velmi zm\u00edrn\u011bn p\u0159etlak na koupelnu v prvn\u00edm pat\u0159e. cca <span style=\"color: #ff0000;\">850.000,-<\/span><\/span><span style=\"color: #008000;\"><span style=\"color: #008000;\">\u00a0K\u010d<\/span><\/span>\n<ul>\n<li>p\u0159isp\u011bt m\u016f\u017eete i na <span style=\"color: #0000ff;\"><strong><a style=\"color: #0000ff;\" href=\"https:\/\/donio.cz\/komfort-socialni-zazemi-v-hajku\">donio.cz<\/a>\u00a0<\/strong><\/span> nebo \u00fa\u010det kl\u00e1\u0161tera. Z celkov\u00e9 \u010d\u00e1stky se ke dni 9.04. na Doniu vybralo 204.400,- K\u010d.<\/li>\n<li><a href=\"https:\/\/hajek.ofm.cz\/wp-content\/uploads\/2026\/02\/IMG_7829.jpeg\"><img decoding=\"async\" loading=\"lazy\" class=\"alignnone size-medium wp-image-707\" src=\"https:\/\/hajek.ofm.cz\/wp-content\/uploads\/2026\/02\/IMG_7829-225x300.jpeg\" alt=\"\" width=\"225\" height=\"300\" srcset=\"https:\/\/hajek.ofm.cz\/wp-content\/uploads\/2026\/02\/IMG_7829-225x300.jpeg 225w, https:\/\/hajek.ofm.cz\/wp-content\/uploads\/2026\/02\/IMG_7829-768x1024.jpeg 768w, https:\/\/hajek.ofm.cz\/wp-content\/uploads\/2026\/02\/IMG_7829-1152x1536.jpeg 1152w, https:\/\/hajek.ofm.cz\/wp-content\/uploads\/2026\/02\/IMG_7829.jpeg 1536w\" sizes=\"(max-width: 225px) 100vw, 225px\" \/> <\/a><a href=\"https:\/\/hajek.ofm.cz\/wp-content\/uploads\/2026\/02\/IMG_7830-1.jpeg\"><img decoding=\"async\" loading=\"lazy\" class=\"alignnone size-medium wp-image-715\" src=\"https:\/\/hajek.ofm.cz\/wp-content\/uploads\/2026\/02\/IMG_7830-1-225x300.jpeg\" alt=\"\" width=\"225\" height=\"300\" srcset=\"https:\/\/hajek.ofm.cz\/wp-content\/uploads\/2026\/02\/IMG_7830-1-225x300.jpeg 225w, https:\/\/hajek.ofm.cz\/wp-content\/uploads\/2026\/02\/IMG_7830-1-768x1024.jpeg 768w, https:\/\/hajek.ofm.cz\/wp-content\/uploads\/2026\/02\/IMG_7830-1-1152x1536.jpeg 1152w, https:\/\/hajek.ofm.cz\/wp-content\/uploads\/2026\/02\/IMG_7830-1.jpeg 1536w\" sizes=\"(max-width: 225px) 100vw, 225px\" \/> <\/a><a href=\"https:\/\/hajek.ofm.cz\/wp-content\/uploads\/2026\/02\/IMG_7873.jpeg\"><img decoding=\"async\" loading=\"lazy\" class=\"alignnone size-medium wp-image-728\" src=\"https:\/\/hajek.ofm.cz\/wp-content\/uploads\/2026\/02\/IMG_7873-225x300.jpeg\" alt=\"\" width=\"225\" height=\"300\" srcset=\"https:\/\/hajek.ofm.cz\/wp-content\/uploads\/2026\/02\/IMG_7873-225x300.jpeg 225w, https:\/\/hajek.ofm.cz\/wp-content\/uploads\/2026\/02\/IMG_7873-768x1024.jpeg 768w, https:\/\/hajek.ofm.cz\/wp-content\/uploads\/2026\/02\/IMG_7873-1152x1536.jpeg 1152w, https:\/\/hajek.ofm.cz\/wp-content\/uploads\/2026\/02\/IMG_7873.jpeg 1536w\" sizes=\"(max-width: 225px) 100vw, 225px\" \/> <\/a><a href=\"https:\/\/hajek.ofm.cz\/wp-content\/uploads\/2026\/02\/IMG_7872.jpeg\"><img decoding=\"async\" loading=\"lazy\" class=\"alignnone size-medium wp-image-732\" src=\"https:\/\/hajek.ofm.cz\/wp-content\/uploads\/2026\/02\/IMG_7872-225x300.jpeg\" alt=\"\" width=\"225\" height=\"300\" srcset=\"https:\/\/hajek.ofm.cz\/wp-content\/uploads\/2026\/02\/IMG_7872-225x300.jpeg 225w, https:\/\/hajek.ofm.cz\/wp-content\/uploads\/2026\/02\/IMG_7872-768x1024.jpeg 768w, https:\/\/hajek.ofm.cz\/wp-content\/uploads\/2026\/02\/IMG_7872-1152x1536.jpeg 1152w, https:\/\/hajek.ofm.cz\/wp-content\/uploads\/2026\/02\/IMG_7872.jpeg 1536w\" sizes=\"(max-width: 225px) 100vw, 225px\" \/><\/a><\/li>\n<\/ul>\n<\/li>\n<li><strong><span style=\"color: #ff0000;\">Dokon\u010dilo <\/span><\/strong><span style=\"color: #008000;\">se z\u00e1zem\u00ed pro spr\u00e1vce. T\u00edm se uvoln\u00ed kapacita k ubytov\u00e1n\u00ed v kl\u00e1\u0161te\u0159e. cca <span style=\"color: #ff0000;\">2mil.<\/span>\u00a0K\u010d<\/span>\n<ul>\n<li><a href=\"https:\/\/hajek.ofm.cz\/wp-content\/uploads\/2026\/02\/IMG_7874.jpeg\"><img decoding=\"async\" loading=\"lazy\" class=\"alignnone size-medium wp-image-723\" src=\"https:\/\/hajek.ofm.cz\/wp-content\/uploads\/2026\/02\/IMG_7874-225x300.jpeg\" alt=\"\" width=\"225\" height=\"300\" srcset=\"https:\/\/hajek.ofm.cz\/wp-content\/uploads\/2026\/02\/IMG_7874-225x300.jpeg 225w, https:\/\/hajek.ofm.cz\/wp-content\/uploads\/2026\/02\/IMG_7874-768x1024.jpeg 768w, https:\/\/hajek.ofm.cz\/wp-content\/uploads\/2026\/02\/IMG_7874-1152x1536.jpeg 1152w, https:\/\/hajek.ofm.cz\/wp-content\/uploads\/2026\/02\/IMG_7874.jpeg 1536w\" sizes=\"(max-width: 225px) 100vw, 225px\" \/>\u00a0<\/a><\/li>\n<\/ul>\n<\/li>\n<li><span style=\"color: #008000;\"><strong><span style=\"color: #ff0000;\">Zapo\u010dala<\/span><\/strong> rekonstrukce z\u00e1padn\u00edho k\u0159\u00eddla pro bratry, pozd\u011bji i pro sestry \/ poutn\u00edky <span style=\"color: #ff0000;\">7mil.<\/span> K\u010d,- (z celkov\u00e9 \u010d\u00e1stky 15mil. K\u010d.)<\/span><\/li>\n<\/ul>\n<p><a href=\"https:\/\/hajek.ofm.cz\/wp-content\/uploads\/2026\/02\/IMG_7846.jpeg\"><img decoding=\"async\" loading=\"lazy\" class=\"alignnone size-medium wp-image-711\" src=\"https:\/\/hajek.ofm.cz\/wp-content\/uploads\/2026\/02\/IMG_7846-225x300.jpeg\" alt=\"\" width=\"225\" height=\"300\" srcset=\"https:\/\/hajek.ofm.cz\/wp-content\/uploads\/2026\/02\/IMG_7846-225x300.jpeg 225w, https:\/\/hajek.ofm.cz\/wp-content\/uploads\/2026\/02\/IMG_7846-768x1024.jpeg 768w, https:\/\/hajek.ofm.cz\/wp-content\/uploads\/2026\/02\/IMG_7846-1152x1536.jpeg 1152w, https:\/\/hajek.ofm.cz\/wp-content\/uploads\/2026\/02\/IMG_7846.jpeg 1536w\" sizes=\"(max-width: 225px) 100vw, 225px\" \/><\/a> <a href=\"https:\/\/hajek.ofm.cz\/wp-content\/uploads\/2026\/02\/IMG_7848.jpeg\"><img decoding=\"async\" loading=\"lazy\" class=\"alignnone size-medium wp-image-710\" src=\"https:\/\/hajek.ofm.cz\/wp-content\/uploads\/2026\/02\/IMG_7848-225x300.jpeg\" alt=\"\" width=\"225\" height=\"300\" srcset=\"https:\/\/hajek.ofm.cz\/wp-content\/uploads\/2026\/02\/IMG_7848-225x300.jpeg 225w, https:\/\/hajek.ofm.cz\/wp-content\/uploads\/2026\/02\/IMG_7848-768x1024.jpeg 768w, https:\/\/hajek.ofm.cz\/wp-content\/uploads\/2026\/02\/IMG_7848-1152x1536.jpeg 1152w, https:\/\/hajek.ofm.cz\/wp-content\/uploads\/2026\/02\/IMG_7848.jpeg 1536w\" sizes=\"(max-width: 225px) 100vw, 225px\" \/><\/a> <a href=\"https:\/\/hajek.ofm.cz\/wp-content\/uploads\/2026\/02\/IMG_7847.jpeg\"><img decoding=\"async\" loading=\"lazy\" class=\"alignnone size-medium wp-image-709\" src=\"https:\/\/hajek.ofm.cz\/wp-content\/uploads\/2026\/02\/IMG_7847-225x300.jpeg\" alt=\"\" width=\"225\" height=\"300\" srcset=\"https:\/\/hajek.ofm.cz\/wp-content\/uploads\/2026\/02\/IMG_7847-225x300.jpeg 225w, https:\/\/hajek.ofm.cz\/wp-content\/uploads\/2026\/02\/IMG_7847-768x1024.jpeg 768w, https:\/\/hajek.ofm.cz\/wp-content\/uploads\/2026\/02\/IMG_7847-1152x1536.jpeg 1152w, https:\/\/hajek.ofm.cz\/wp-content\/uploads\/2026\/02\/IMG_7847.jpeg 1536w\" sizes=\"(max-width: 225px) 100vw, 225px\" \/><\/a> <a href=\"https:\/\/hajek.ofm.cz\/wp-content\/uploads\/2026\/03\/IMG_7998.jpeg\"><img decoding=\"async\" loading=\"lazy\" class=\"alignnone size-medium wp-image-761\" src=\"https:\/\/hajek.ofm.cz\/wp-content\/uploads\/2026\/03\/IMG_7998-225x300.jpeg\" alt=\"\" width=\"225\" height=\"300\" srcset=\"https:\/\/hajek.ofm.cz\/wp-content\/uploads\/2026\/03\/IMG_7998-225x300.jpeg 225w, https:\/\/hajek.ofm.cz\/wp-content\/uploads\/2026\/03\/IMG_7998-768x1024.jpeg 768w, https:\/\/hajek.ofm.cz\/wp-content\/uploads\/2026\/03\/IMG_7998-1152x1536.jpeg 1152w, https:\/\/hajek.ofm.cz\/wp-content\/uploads\/2026\/03\/IMG_7998.jpeg 1536w\" sizes=\"(max-width: 225px) 100vw, 225px\" \/><\/a> \u00a0\u00a0<a href=\"https:\/\/hajek.ofm.cz\/wp-content\/uploads\/2026\/03\/IMG_8001.jpeg\"><img decoding=\"async\" loading=\"lazy\" class=\"alignnone size-medium wp-image-764\" src=\"https:\/\/hajek.ofm.cz\/wp-content\/uploads\/2026\/03\/IMG_8001-225x300.jpeg\" alt=\"\" width=\"225\" height=\"300\" srcset=\"https:\/\/hajek.ofm.cz\/wp-content\/uploads\/2026\/03\/IMG_8001-225x300.jpeg 225w, https:\/\/hajek.ofm.cz\/wp-content\/uploads\/2026\/03\/IMG_8001-768x1024.jpeg 768w, https:\/\/hajek.ofm.cz\/wp-content\/uploads\/2026\/03\/IMG_8001-1152x1536.jpeg 1152w, https:\/\/hajek.ofm.cz\/wp-content\/uploads\/2026\/03\/IMG_8001.jpeg 1536w\" sizes=\"(max-width: 225px) 100vw, 225px\" \/><\/a> <a href=\"https:\/\/hajek.ofm.cz\/wp-content\/uploads\/2026\/03\/IMG_8002.jpeg\"><img decoding=\"async\" loading=\"lazy\" class=\"alignnone size-medium wp-image-765\" src=\"https:\/\/hajek.ofm.cz\/wp-content\/uploads\/2026\/03\/IMG_8002-225x300.jpeg\" alt=\"\" width=\"225\" height=\"300\" srcset=\"https:\/\/hajek.ofm.cz\/wp-content\/uploads\/2026\/03\/IMG_8002-225x300.jpeg 225w, https:\/\/hajek.ofm.cz\/wp-content\/uploads\/2026\/03\/IMG_8002-768x1024.jpeg 768w, https:\/\/hajek.ofm.cz\/wp-content\/uploads\/2026\/03\/IMG_8002-1152x1536.jpeg 1152w, https:\/\/hajek.ofm.cz\/wp-content\/uploads\/2026\/03\/IMG_8002.jpeg 1536w\" sizes=\"(max-width: 225px) 100vw, 225px\" \/><\/a><\/p>\n<p><a href=\"https:\/\/hajek.ofm.cz\/wp-content\/uploads\/2026\/04\/IMG_8118.jpeg\"><img decoding=\"async\" loading=\"lazy\" class=\"alignnone size-medium wp-image-799\" src=\"https:\/\/hajek.ofm.cz\/wp-content\/uploads\/2026\/04\/IMG_8118-225x300.jpeg\" alt=\"\" width=\"225\" height=\"300\" srcset=\"https:\/\/hajek.ofm.cz\/wp-content\/uploads\/2026\/04\/IMG_8118-225x300.jpeg 225w, https:\/\/hajek.ofm.cz\/wp-content\/uploads\/2026\/04\/IMG_8118-768x1024.jpeg 768w, https:\/\/hajek.ofm.cz\/wp-content\/uploads\/2026\/04\/IMG_8118-1152x1536.jpeg 1152w, https:\/\/hajek.ofm.cz\/wp-content\/uploads\/2026\/04\/IMG_8118.jpeg 1536w\" sizes=\"(max-width: 225px) 100vw, 225px\" \/><\/a> <a href=\"https:\/\/hajek.ofm.cz\/wp-content\/uploads\/2026\/04\/IMG_8112.jpeg\"><img decoding=\"async\" loading=\"lazy\" class=\"alignnone size-medium wp-image-800\" src=\"https:\/\/hajek.ofm.cz\/wp-content\/uploads\/2026\/04\/IMG_8112-225x300.jpeg\" alt=\"\" width=\"225\" height=\"300\" srcset=\"https:\/\/hajek.ofm.cz\/wp-content\/uploads\/2026\/04\/IMG_8112-225x300.jpeg 225w, https:\/\/hajek.ofm.cz\/wp-content\/uploads\/2026\/04\/IMG_8112-768x1024.jpeg 768w, https:\/\/hajek.ofm.cz\/wp-content\/uploads\/2026\/04\/IMG_8112-1152x1536.jpeg 1152w, https:\/\/hajek.ofm.cz\/wp-content\/uploads\/2026\/04\/IMG_8112.jpeg 1536w\" sizes=\"(max-width: 225px) 100vw, 225px\" \/><\/a><\/p>\n<ul>\n<li>Lesopark &#8211; Zahrada sv. Franti\u0161ka &#8211; revitalizace pro leto\u0161n\u00ed rok <span style=\"color: #ff0000;\">5mil. K\u010d<\/span> K\u010d. Bude to m\u00edsto, kter\u00e9 bude otev\u0159eno ve\u0159ejnosti s mo\u017enost\u00ed naj\u00edt zti\u0161en\u00ed a zakon\u010den\u00ed poutn\u00ed cesty. Nau\u010dn\u00e1 stezka, toalety, d\u011btsk\u00e9 h\u0159i\u0161t\u011b&#8230; Projekt je realizovateln\u00fd s podporou financi IROP.\n<ul>\n<li><a href=\"https:\/\/hajek.ofm.cz\/wp-content\/uploads\/2026\/02\/IMG_7869.jpeg\"><img decoding=\"async\" loading=\"lazy\" class=\"alignnone size-medium wp-image-725\" src=\"https:\/\/hajek.ofm.cz\/wp-content\/uploads\/2026\/02\/IMG_7869-225x300.jpeg\" alt=\"\" width=\"225\" height=\"300\" srcset=\"https:\/\/hajek.ofm.cz\/wp-content\/uploads\/2026\/02\/IMG_7869-225x300.jpeg 225w, https:\/\/hajek.ofm.cz\/wp-content\/uploads\/2026\/02\/IMG_7869-768x1024.jpeg 768w, https:\/\/hajek.ofm.cz\/wp-content\/uploads\/2026\/02\/IMG_7869-1152x1536.jpeg 1152w, https:\/\/hajek.ofm.cz\/wp-content\/uploads\/2026\/02\/IMG_7869.jpeg 1536w\" sizes=\"(max-width: 225px) 100vw, 225px\" \/>\u00a0 <\/a><\/li>\n<li>novinky<\/li>\n<li>\u00a0 <a href=\"https:\/\/hajek.ofm.cz\/wp-content\/uploads\/2026\/02\/IMG_7945.jpeg\"><img decoding=\"async\" loading=\"lazy\" class=\"alignnone size-medium wp-image-738\" src=\"https:\/\/hajek.ofm.cz\/wp-content\/uploads\/2026\/02\/IMG_7945-225x300.jpeg\" alt=\"\" width=\"225\" height=\"300\" srcset=\"https:\/\/hajek.ofm.cz\/wp-content\/uploads\/2026\/02\/IMG_7945-225x300.jpeg 225w, https:\/\/hajek.ofm.cz\/wp-content\/uploads\/2026\/02\/IMG_7945-768x1024.jpeg 768w, https:\/\/hajek.ofm.cz\/wp-content\/uploads\/2026\/02\/IMG_7945-1152x1536.jpeg 1152w, https:\/\/hajek.ofm.cz\/wp-content\/uploads\/2026\/02\/IMG_7945.jpeg 1536w\" sizes=\"(max-width: 225px) 100vw, 225px\" \/><\/a> \u00a0<a href=\"https:\/\/hajek.ofm.cz\/wp-content\/uploads\/2026\/02\/IMG_7943.jpeg\"><img decoding=\"async\" loading=\"lazy\" class=\"alignnone size-medium wp-image-739\" src=\"https:\/\/hajek.ofm.cz\/wp-content\/uploads\/2026\/02\/IMG_7943-225x300.jpeg\" alt=\"\" width=\"225\" height=\"300\" srcset=\"https:\/\/hajek.ofm.cz\/wp-content\/uploads\/2026\/02\/IMG_7943-225x300.jpeg 225w, https:\/\/hajek.ofm.cz\/wp-content\/uploads\/2026\/02\/IMG_7943-768x1024.jpeg 768w, https:\/\/hajek.ofm.cz\/wp-content\/uploads\/2026\/02\/IMG_7943-1152x1536.jpeg 1152w, https:\/\/hajek.ofm.cz\/wp-content\/uploads\/2026\/02\/IMG_7943.jpeg 1536w\" sizes=\"(max-width: 225px) 100vw, 225px\" \/><\/a> \u00a0<a href=\"https:\/\/hajek.ofm.cz\/wp-content\/uploads\/2026\/02\/IMG_7947.jpeg\"><img decoding=\"async\" loading=\"lazy\" class=\"alignnone size-medium wp-image-741\" src=\"https:\/\/hajek.ofm.cz\/wp-content\/uploads\/2026\/02\/IMG_7947-225x300.jpeg\" alt=\"\" width=\"225\" height=\"300\" srcset=\"https:\/\/hajek.ofm.cz\/wp-content\/uploads\/2026\/02\/IMG_7947-225x300.jpeg 225w, https:\/\/hajek.ofm.cz\/wp-content\/uploads\/2026\/02\/IMG_7947-768x1024.jpeg 768w, https:\/\/hajek.ofm.cz\/wp-content\/uploads\/2026\/02\/IMG_7947-1152x1536.jpeg 1152w, https:\/\/hajek.ofm.cz\/wp-content\/uploads\/2026\/02\/IMG_7947.jpeg 1536w\" sizes=\"(max-width: 225px) 100vw, 225px\" \/><\/a><\/li>\n<\/ul>\n<\/li>\n<li><a href=\"https:\/\/hajek.ofm.cz\/wp-content\/uploads\/2026\/03\/IMG_7959.jpeg\"><img decoding=\"async\" loading=\"lazy\" class=\"alignnone size-medium wp-image-748\" src=\"https:\/\/hajek.ofm.cz\/wp-content\/uploads\/2026\/03\/IMG_7959-225x300.jpeg\" alt=\"\" width=\"225\" height=\"300\" srcset=\"https:\/\/hajek.ofm.cz\/wp-content\/uploads\/2026\/03\/IMG_7959-225x300.jpeg 225w, https:\/\/hajek.ofm.cz\/wp-content\/uploads\/2026\/03\/IMG_7959-768x1024.jpeg 768w, https:\/\/hajek.ofm.cz\/wp-content\/uploads\/2026\/03\/IMG_7959-1152x1536.jpeg 1152w, https:\/\/hajek.ofm.cz\/wp-content\/uploads\/2026\/03\/IMG_7959.jpeg 1536w\" sizes=\"(max-width: 225px) 100vw, 225px\" \/> <\/a><a href=\"https:\/\/hajek.ofm.cz\/wp-content\/uploads\/2026\/03\/IMG_7995.jpeg\"><img decoding=\"async\" loading=\"lazy\" class=\"alignnone size-medium wp-image-763\" src=\"https:\/\/hajek.ofm.cz\/wp-content\/uploads\/2026\/03\/IMG_7995-300x225.jpeg\" alt=\"\" width=\"300\" height=\"225\" srcset=\"https:\/\/hajek.ofm.cz\/wp-content\/uploads\/2026\/03\/IMG_7995-300x225.jpeg 300w, https:\/\/hajek.ofm.cz\/wp-content\/uploads\/2026\/03\/IMG_7995-1024x768.jpeg 1024w, https:\/\/hajek.ofm.cz\/wp-content\/uploads\/2026\/03\/IMG_7995-768x576.jpeg 768w, https:\/\/hajek.ofm.cz\/wp-content\/uploads\/2026\/03\/IMG_7995-1536x1152.jpeg 1536w, https:\/\/hajek.ofm.cz\/wp-content\/uploads\/2026\/03\/IMG_7995-135x100.jpeg 135w, https:\/\/hajek.ofm.cz\/wp-content\/uploads\/2026\/03\/IMG_7995.jpeg 2048w\" sizes=\"(max-width: 300px) 100vw, 300px\" \/><\/a><a href=\"https:\/\/hajek.ofm.cz\/wp-content\/uploads\/2026\/03\/IMG_7996.jpeg\"> <img decoding=\"async\" loading=\"lazy\" class=\"alignnone size-medium wp-image-762\" src=\"https:\/\/hajek.ofm.cz\/wp-content\/uploads\/2026\/03\/IMG_7996-225x300.jpeg\" alt=\"\" width=\"225\" height=\"300\" srcset=\"https:\/\/hajek.ofm.cz\/wp-content\/uploads\/2026\/03\/IMG_7996-225x300.jpeg 225w, https:\/\/hajek.ofm.cz\/wp-content\/uploads\/2026\/03\/IMG_7996-768x1024.jpeg 768w, https:\/\/hajek.ofm.cz\/wp-content\/uploads\/2026\/03\/IMG_7996-1152x1536.jpeg 1152w, https:\/\/hajek.ofm.cz\/wp-content\/uploads\/2026\/03\/IMG_7996.jpeg 1536w\" sizes=\"(max-width: 225px) 100vw, 225px\" \/><\/a><\/li>\n<li><strong><span style=\"color: #ff0000;\">Prob\u011bhlo <strong>k<\/strong>\u00e1cen\u00ed nemocn\u00fdch jasan\u016f<\/span><\/strong>. Cena se teprve uk\u00e1\u017ee. Nyn\u00ed je nutno na t\u00e9\u017e m\u00edsto p\u0159ipravit pro novou v\u00fdsadbu.\n<ul>\n<li><a href=\"https:\/\/hajek.ofm.cz\/wp-content\/uploads\/2026\/02\/IMG_7841.jpeg\"><img decoding=\"async\" loading=\"lazy\" class=\"alignnone size-medium wp-image-708\" src=\"https:\/\/hajek.ofm.cz\/wp-content\/uploads\/2026\/02\/IMG_7841-300x225.jpeg\" alt=\"\" width=\"300\" height=\"225\" srcset=\"https:\/\/hajek.ofm.cz\/wp-content\/uploads\/2026\/02\/IMG_7841-300x225.jpeg 300w, https:\/\/hajek.ofm.cz\/wp-content\/uploads\/2026\/02\/IMG_7841-1024x768.jpeg 1024w, https:\/\/hajek.ofm.cz\/wp-content\/uploads\/2026\/02\/IMG_7841-768x576.jpeg 768w, https:\/\/hajek.ofm.cz\/wp-content\/uploads\/2026\/02\/IMG_7841-1536x1152.jpeg 1536w, https:\/\/hajek.ofm.cz\/wp-content\/uploads\/2026\/02\/IMG_7841-135x100.jpeg 135w, https:\/\/hajek.ofm.cz\/wp-content\/uploads\/2026\/02\/IMG_7841.jpeg 2048w\" sizes=\"(max-width: 300px) 100vw, 300px\" \/><\/a> \u00a0<a href=\"https:\/\/hajek.ofm.cz\/wp-content\/uploads\/2026\/02\/IMG_7839-1.jpeg\">\u00a0<\/a><a href=\"https:\/\/hajek.ofm.cz\/wp-content\/uploads\/2026\/02\/IMG_7854.jpeg\"><img decoding=\"async\" loading=\"lazy\" class=\"alignnone size-medium wp-image-727\" src=\"https:\/\/hajek.ofm.cz\/wp-content\/uploads\/2026\/02\/IMG_7854-225x300.jpeg\" alt=\"\" width=\"225\" height=\"300\" srcset=\"https:\/\/hajek.ofm.cz\/wp-content\/uploads\/2026\/02\/IMG_7854-225x300.jpeg 225w, https:\/\/hajek.ofm.cz\/wp-content\/uploads\/2026\/02\/IMG_7854-768x1024.jpeg 768w, https:\/\/hajek.ofm.cz\/wp-content\/uploads\/2026\/02\/IMG_7854-1152x1536.jpeg 1152w, https:\/\/hajek.ofm.cz\/wp-content\/uploads\/2026\/02\/IMG_7854.jpeg 1536w\" sizes=\"(max-width: 225px) 100vw, 225px\" \/> <\/a><a href=\"https:\/\/hajek.ofm.cz\/wp-content\/uploads\/2026\/02\/IMG_7863.jpeg\"><img decoding=\"async\" loading=\"lazy\" class=\"alignnone size-medium wp-image-730\" src=\"https:\/\/hajek.ofm.cz\/wp-content\/uploads\/2026\/02\/IMG_7863-225x300.jpeg\" alt=\"\" width=\"225\" height=\"300\" srcset=\"https:\/\/hajek.ofm.cz\/wp-content\/uploads\/2026\/02\/IMG_7863-225x300.jpeg 225w, https:\/\/hajek.ofm.cz\/wp-content\/uploads\/2026\/02\/IMG_7863-768x1024.jpeg 768w, https:\/\/hajek.ofm.cz\/wp-content\/uploads\/2026\/02\/IMG_7863-1152x1536.jpeg 1152w, https:\/\/hajek.ofm.cz\/wp-content\/uploads\/2026\/02\/IMG_7863.jpeg 1536w\" sizes=\"(max-width: 225px) 100vw, 225px\" \/><\/a><a href=\"https:\/\/hajek.ofm.cz\/wp-content\/uploads\/2026\/02\/IMG_7860.jpeg\"> <img decoding=\"async\" loading=\"lazy\" class=\"alignnone size-medium wp-image-731\" src=\"https:\/\/hajek.ofm.cz\/wp-content\/uploads\/2026\/02\/IMG_7860-225x300.jpeg\" alt=\"\" width=\"225\" height=\"300\" srcset=\"https:\/\/hajek.ofm.cz\/wp-content\/uploads\/2026\/02\/IMG_7860-225x300.jpeg 225w, https:\/\/hajek.ofm.cz\/wp-content\/uploads\/2026\/02\/IMG_7860-768x1024.jpeg 768w, https:\/\/hajek.ofm.cz\/wp-content\/uploads\/2026\/02\/IMG_7860-1152x1536.jpeg 1152w, https:\/\/hajek.ofm.cz\/wp-content\/uploads\/2026\/02\/IMG_7860.jpeg 1536w\" sizes=\"(max-width: 225px) 100vw, 225px\" \/><\/a><\/li>\n<\/ul>\n<\/li>\n<li><span style=\"color: #ff0000;\"><strong>Kr\u00e1sn\u011b dokon\u010den\u00e1 v\u00fdmalba chodby<\/strong><\/span> v ji\u017en\u00edm k\u0159\u00eddle, kde jsou pokoje pro poutn\u00edky <span style=\"color: #ff0000;\">80.000,-<\/span> K\u010d\n<ul>\n<li><a href=\"https:\/\/hajek.ofm.cz\/wp-content\/uploads\/2026\/02\/IMG_7828.jpeg\"><img decoding=\"async\" loading=\"lazy\" class=\"alignnone size-medium wp-image-712\" src=\"https:\/\/hajek.ofm.cz\/wp-content\/uploads\/2026\/02\/IMG_7828-225x300.jpeg\" alt=\"\" width=\"225\" height=\"300\" srcset=\"https:\/\/hajek.ofm.cz\/wp-content\/uploads\/2026\/02\/IMG_7828-225x300.jpeg 225w, https:\/\/hajek.ofm.cz\/wp-content\/uploads\/2026\/02\/IMG_7828-768x1024.jpeg 768w, https:\/\/hajek.ofm.cz\/wp-content\/uploads\/2026\/02\/IMG_7828-1152x1536.jpeg 1152w, https:\/\/hajek.ofm.cz\/wp-content\/uploads\/2026\/02\/IMG_7828.jpeg 1536w\" sizes=\"(max-width: 225px) 100vw, 225px\" \/><\/a><\/li>\n<\/ul>\n<\/li>\n<li>Projekt nov\u00e9 kotelny mimo objekt kl\u00e1\u0161tera <span style=\"color: #ff0000;\">250.000,-<\/span>\u00a0K\u010d.<\/li>\n<li>Repase dve\u0159\u00ed k pokoj\u016fm v\u00fdchodn\u00edho k\u0159\u00eddla cca <span style=\"color: #ff0000;\">80.000,-<\/span>\u00a0K\u010d<\/li>\n<li>Lunetov\u00e1 okna v doln\u00ed chodb\u011b v ambitech <span style=\"color: #ff0000;\">8&#215;300<\/span>tis\n<ul>\n<li><a href=\"https:\/\/hajek.ofm.cz\/wp-content\/uploads\/2026\/02\/IMG_7867.jpeg\"><img decoding=\"async\" loading=\"lazy\" class=\"alignnone size-medium wp-image-726\" src=\"https:\/\/hajek.ofm.cz\/wp-content\/uploads\/2026\/02\/IMG_7867-300x225.jpeg\" alt=\"\" width=\"300\" height=\"225\" srcset=\"https:\/\/hajek.ofm.cz\/wp-content\/uploads\/2026\/02\/IMG_7867-300x225.jpeg 300w, https:\/\/hajek.ofm.cz\/wp-content\/uploads\/2026\/02\/IMG_7867-1024x768.jpeg 1024w, https:\/\/hajek.ofm.cz\/wp-content\/uploads\/2026\/02\/IMG_7867-768x576.jpeg 768w, https:\/\/hajek.ofm.cz\/wp-content\/uploads\/2026\/02\/IMG_7867-1536x1152.jpeg 1536w, https:\/\/hajek.ofm.cz\/wp-content\/uploads\/2026\/02\/IMG_7867-135x100.jpeg 135w, https:\/\/hajek.ofm.cz\/wp-content\/uploads\/2026\/02\/IMG_7867.jpeg 2048w\" sizes=\"(max-width: 300px) 100vw, 300px\" \/><\/a> <a href=\"https:\/\/hajek.ofm.cz\/wp-content\/uploads\/2026\/02\/IMG_7868.jpeg\"><img decoding=\"async\" loading=\"lazy\" class=\"alignnone size-medium wp-image-724\" src=\"https:\/\/hajek.ofm.cz\/wp-content\/uploads\/2026\/02\/IMG_7868-225x300.jpeg\" alt=\"\" width=\"225\" height=\"300\" srcset=\"https:\/\/hajek.ofm.cz\/wp-content\/uploads\/2026\/02\/IMG_7868-225x300.jpeg 225w, https:\/\/hajek.ofm.cz\/wp-content\/uploads\/2026\/02\/IMG_7868-768x1024.jpeg 768w, https:\/\/hajek.ofm.cz\/wp-content\/uploads\/2026\/02\/IMG_7868-1152x1536.jpeg 1152w, https:\/\/hajek.ofm.cz\/wp-content\/uploads\/2026\/02\/IMG_7868.jpeg 1536w\" sizes=\"(max-width: 225px) 100vw, 225px\" \/><\/a><\/li>\n<li><a href=\"https:\/\/hajek.ofm.cz\/wp-content\/uploads\/2026\/03\/IMG_7968.jpeg\"><img decoding=\"async\" loading=\"lazy\" class=\"alignnone size-medium wp-image-752\" src=\"https:\/\/hajek.ofm.cz\/wp-content\/uploads\/2026\/03\/IMG_7968-225x300.jpeg\" alt=\"\" width=\"225\" height=\"300\" srcset=\"https:\/\/hajek.ofm.cz\/wp-content\/uploads\/2026\/03\/IMG_7968-225x300.jpeg 225w, https:\/\/hajek.ofm.cz\/wp-content\/uploads\/2026\/03\/IMG_7968-768x1024.jpeg 768w, https:\/\/hajek.ofm.cz\/wp-content\/uploads\/2026\/03\/IMG_7968-1152x1536.jpeg 1152w, https:\/\/hajek.ofm.cz\/wp-content\/uploads\/2026\/03\/IMG_7968.jpeg 1536w\" sizes=\"(max-width: 225px) 100vw, 225px\" \/><\/a> <a href=\"https:\/\/hajek.ofm.cz\/wp-content\/uploads\/2026\/03\/IMG_7961.jpeg\"><img decoding=\"async\" loading=\"lazy\" class=\"alignnone size-medium wp-image-749\" src=\"https:\/\/hajek.ofm.cz\/wp-content\/uploads\/2026\/03\/IMG_7961-225x300.jpeg\" alt=\"\" width=\"225\" height=\"300\" srcset=\"https:\/\/hajek.ofm.cz\/wp-content\/uploads\/2026\/03\/IMG_7961-225x300.jpeg 225w, https:\/\/hajek.ofm.cz\/wp-content\/uploads\/2026\/03\/IMG_7961-768x1024.jpeg 768w, https:\/\/hajek.ofm.cz\/wp-content\/uploads\/2026\/03\/IMG_7961-1152x1536.jpeg 1152w, https:\/\/hajek.ofm.cz\/wp-content\/uploads\/2026\/03\/IMG_7961.jpeg 1536w\" sizes=\"(max-width: 225px) 100vw, 225px\" \/><\/a> <a href=\"https:\/\/hajek.ofm.cz\/wp-content\/uploads\/2026\/03\/IMG_7963.jpeg\"><img decoding=\"async\" loading=\"lazy\" class=\"alignnone size-medium wp-image-750\" src=\"https:\/\/hajek.ofm.cz\/wp-content\/uploads\/2026\/03\/IMG_7963-225x300.jpeg\" alt=\"\" width=\"225\" height=\"300\" srcset=\"https:\/\/hajek.ofm.cz\/wp-content\/uploads\/2026\/03\/IMG_7963-225x300.jpeg 225w, https:\/\/hajek.ofm.cz\/wp-content\/uploads\/2026\/03\/IMG_7963-768x1024.jpeg 768w, https:\/\/hajek.ofm.cz\/wp-content\/uploads\/2026\/03\/IMG_7963-1152x1536.jpeg 1152w, https:\/\/hajek.ofm.cz\/wp-content\/uploads\/2026\/03\/IMG_7963.jpeg 1536w\" sizes=\"(max-width: 225px) 100vw, 225px\" \/><\/a> Repase dve\u0159\u00ed v ambitu<\/li>\n<\/ul>\n<\/li>\n<\/ul>\n<p>&nbsp;<\/p>\n<p><span style=\"color: #0000ff;\"><strong>D\u011bkujeme za va\u0161\u00ed podporu a pomoc. <\/strong><\/span><\/p>\n<p>S v\u00e1mi se vrac\u00ed H\u00e1jek do sv\u00e9 kr\u00e1sy rychleji!<\/p>\n<p><a href=\"https:\/\/hajek.ofm.cz\/wp-content\/uploads\/2025\/03\/mba2spaydqrcode.png\"><img decoding=\"async\" loading=\"lazy\" class=\"alignnone wp-image-447\" src=\"https:\/\/hajek.ofm.cz\/wp-content\/uploads\/2025\/03\/mba2spaydqrcode-284x300.png\" alt=\"\" width=\"204\" height=\"215\" srcset=\"https:\/\/hajek.ofm.cz\/wp-content\/uploads\/2025\/03\/mba2spaydqrcode-284x300.png 284w, https:\/\/hajek.ofm.cz\/wp-content\/uploads\/2025\/03\/mba2spaydqrcode.png 550w\" sizes=\"(max-width: 204px) 100vw, 204px\" \/><\/a><\/p>\n<p>\u010c\u00edslo \u00fa\u010dtu: 51-110200257<br \/>\nK\u00f3d banky: 0100<\/p>\n<p>&nbsp;<\/p>\n","protected":false},"excerpt":{"rendered":"<p>Pokoj a Dobro draz\u00ed poutn\u00edci a p\u0159\u00e1tel\u00e9 H\u00e1jku. Leto\u0161n\u00edm Jubilejn\u00edm roce, od smrti sv. Franti\u0161ka, n\u00e1s v H\u00e1jku 2026 \u010dek\u00e1: Dokon\u010deno\u00a0soci\u00e1ln\u00ed za\u0159\u00edzen\u00ed, v rizalitu v\u00fdchodn\u00edho k\u0159\u00eddla. Je\u0161t\u011b chyb\u00ed j\u00edmka a t\u00edm napojen\u00ed na m\u00edstn\u00ed \u010cOV, ale\u00a0 v prvn\u00edm pat\u0159e bude hotovo. T\u00edm bude velmi zm\u00edrn\u011bn p\u0159etlak na koupelnu v prvn\u00edm pat\u0159e. cca 850.000,-\u00a0K\u010d p\u0159isp\u011bt m\u016f\u017eete [&hellip;]<\/p>\n","protected":false},"author":6,"featured_media":0,"parent":0,"menu_order":0,"comment_status":"closed","ping_status":"closed","template":"","meta":[],"_links":{"self":[{"href":"https:\/\/hajek.ofm.cz\/index.php?rest_route=\/wp\/v2\/pages\/389"}],"collection":[{"href":"https:\/\/hajek.ofm.cz\/index.php?rest_route=\/wp\/v2\/pages"}],"about":[{"href":"https:\/\/hajek.ofm.cz\/index.php?rest_route=\/wp\/v2\/types\/page"}],"author":[{"embeddable":true,"href":"https:\/\/hajek.ofm.cz\/index.php?rest_route=\/wp\/v2\/users\/6"}],"replies":[{"embeddable":true,"href":"https:\/\/hajek.ofm.cz\/index.php?rest_route=%2Fwp%2Fv2%2Fcomments&post=389"}],"version-history":[{"count":44,"href":"https:\/\/hajek.ofm.cz\/index.php?rest_route=\/wp\/v2\/pages\/389\/revisions"}],"predecessor-version":[{"id":801,"href":"https:\/\/hajek.ofm.cz\/index.php?rest_route=\/wp\/v2\/pages\/389\/revisions\/801"}],"wp:attachment":[{"href":"https:\/\/hajek.ofm.cz\/index.php?rest_route=%2Fwp%2Fv2%2Fmedia&parent=389"}],"curies":[{"name":"wp","href":"https:\/\/api.w.org\/{rel}","templated":true}]}}