{"id":442,"date":"2025-03-07T09:50:37","date_gmt":"2025-03-07T09:50:37","guid":{"rendered":"https:\/\/hajek.ofm.cz\/?page_id=442"},"modified":"2026-04-20T08:25:50","modified_gmt":"2026-04-20T08:25:50","slug":"aktuality","status":"publish","type":"page","link":"https:\/\/hajek.ofm.cz\/?page_id=442","title":{"rendered":"Aktuality"},"content":{"rendered":"<p><a href=\"https:\/\/hajek.ofm.cz\/wp-content\/uploads\/2026\/01\/banner-1.webp\"><img decoding=\"async\" loading=\"lazy\" class=\" wp-image-702 aligncenter\" src=\"https:\/\/hajek.ofm.cz\/wp-content\/uploads\/2026\/01\/banner-1-300x169.webp\" alt=\"\" width=\"406\" height=\"229\" srcset=\"https:\/\/hajek.ofm.cz\/wp-content\/uploads\/2026\/01\/banner-1-300x169.webp 300w, https:\/\/hajek.ofm.cz\/wp-content\/uploads\/2026\/01\/banner-1-1024x576.webp 1024w, https:\/\/hajek.ofm.cz\/wp-content\/uploads\/2026\/01\/banner-1-768x432.webp 768w, https:\/\/hajek.ofm.cz\/wp-content\/uploads\/2026\/01\/banner-1-1536x864.webp 1536w, https:\/\/hajek.ofm.cz\/wp-content\/uploads\/2026\/01\/banner-1.webp 1920w\" sizes=\"(max-width: 406px) 100vw, 406px\" \/><\/a><\/p>\n<p>&nbsp;<\/p>\n<p>&nbsp;<\/p>\n<p><a href=\"https:\/\/hajek.ofm.cz\/wp-content\/uploads\/2026\/02\/brigady-jaro-2026.jpg\"><img decoding=\"async\" loading=\"lazy\" class=\"alignnone size-medium wp-image-718\" src=\"https:\/\/hajek.ofm.cz\/wp-content\/uploads\/2026\/02\/brigady-jaro-2026-300x212.jpg\" alt=\"\" width=\"300\" height=\"212\" srcset=\"https:\/\/hajek.ofm.cz\/wp-content\/uploads\/2026\/02\/brigady-jaro-2026-300x212.jpg 300w, https:\/\/hajek.ofm.cz\/wp-content\/uploads\/2026\/02\/brigady-jaro-2026-1024x724.jpg 1024w, https:\/\/hajek.ofm.cz\/wp-content\/uploads\/2026\/02\/brigady-jaro-2026-768x543.jpg 768w, https:\/\/hajek.ofm.cz\/wp-content\/uploads\/2026\/02\/brigady-jaro-2026-1536x1086.jpg 1536w, https:\/\/hajek.ofm.cz\/wp-content\/uploads\/2026\/02\/brigady-jaro-2026.jpg 1754w\" sizes=\"(max-width: 300px) 100vw, 300px\" \/><\/a><a href=\"https:\/\/hajek.ofm.cz\/wp-content\/uploads\/2026\/04\/1_5_2026-prvni-hajecka.jpg\"><img decoding=\"async\" loading=\"lazy\" class=\"alignnone size-medium wp-image-802\" src=\"https:\/\/hajek.ofm.cz\/wp-content\/uploads\/2026\/04\/1_5_2026-prvni-hajecka-212x300.jpg\" alt=\"\" width=\"212\" height=\"300\" srcset=\"https:\/\/hajek.ofm.cz\/wp-content\/uploads\/2026\/04\/1_5_2026-prvni-hajecka-212x300.jpg 212w, https:\/\/hajek.ofm.cz\/wp-content\/uploads\/2026\/04\/1_5_2026-prvni-hajecka-724x1024.jpg 724w, https:\/\/hajek.ofm.cz\/wp-content\/uploads\/2026\/04\/1_5_2026-prvni-hajecka-768x1086.jpg 768w, https:\/\/hajek.ofm.cz\/wp-content\/uploads\/2026\/04\/1_5_2026-prvni-hajecka-1086x1536.jpg 1086w, https:\/\/hajek.ofm.cz\/wp-content\/uploads\/2026\/04\/1_5_2026-prvni-hajecka.jpg 1240w\" sizes=\"(max-width: 212px) 100vw, 212px\" \/><\/a><\/p>\n<p>Co se te\u010f d\u011bje v H\u00e1jku? <a href=\"https:\/\/hajek.ofm.cz\/?page_id=389\">viz\u00a0\u00a0\u00a0<\/a><\/p>\n<p>&nbsp;<\/p>\n<p>&nbsp;<\/p>\n<p><a href=\"https:\/\/hajek.ofm.cz\/wp-content\/uploads\/2026\/04\/Hajecka_nota_2026-scaled.jpeg\"><img decoding=\"async\" loading=\"lazy\" class=\"alignnone size-medium wp-image-791\" src=\"https:\/\/hajek.ofm.cz\/wp-content\/uploads\/2026\/04\/Hajecka_nota_2026-212x300.jpeg\" alt=\"\" width=\"212\" height=\"300\" srcset=\"https:\/\/hajek.ofm.cz\/wp-content\/uploads\/2026\/04\/Hajecka_nota_2026-212x300.jpeg 212w, https:\/\/hajek.ofm.cz\/wp-content\/uploads\/2026\/04\/Hajecka_nota_2026-724x1024.jpeg 724w, https:\/\/hajek.ofm.cz\/wp-content\/uploads\/2026\/04\/Hajecka_nota_2026-768x1086.jpeg 768w, https:\/\/hajek.ofm.cz\/wp-content\/uploads\/2026\/04\/Hajecka_nota_2026-1086x1536.jpeg 1086w, https:\/\/hajek.ofm.cz\/wp-content\/uploads\/2026\/04\/Hajecka_nota_2026-1448x2048.jpeg 1448w, https:\/\/hajek.ofm.cz\/wp-content\/uploads\/2026\/04\/Hajecka_nota_2026-scaled.jpeg 1810w\" sizes=\"(max-width: 212px) 100vw, 212px\" \/>\u00a0<\/a> <a href=\"https:\/\/hajek.ofm.cz\/wp-content\/uploads\/2026\/02\/IROP-e1771853558384.jpg\"><img decoding=\"async\" loading=\"lazy\" class=\"alignnone size-medium wp-image-736\" src=\"https:\/\/hajek.ofm.cz\/wp-content\/uploads\/2026\/02\/IROP-e1771853558384-300x212.jpg\" alt=\"\" width=\"300\" height=\"212\" srcset=\"https:\/\/hajek.ofm.cz\/wp-content\/uploads\/2026\/02\/IROP-e1771853558384-300x212.jpg 300w, https:\/\/hajek.ofm.cz\/wp-content\/uploads\/2026\/02\/IROP-e1771853558384-1024x724.jpg 1024w, https:\/\/hajek.ofm.cz\/wp-content\/uploads\/2026\/02\/IROP-e1771853558384-768x543.jpg 768w, https:\/\/hajek.ofm.cz\/wp-content\/uploads\/2026\/02\/IROP-e1771853558384-1536x1086.jpg 1536w, https:\/\/hajek.ofm.cz\/wp-content\/uploads\/2026\/02\/IROP-e1771853558384.jpg 1754w\" sizes=\"(max-width: 300px) 100vw, 300px\" \/><\/a><\/p>\n","protected":false},"excerpt":{"rendered":"<p>&nbsp; &nbsp; Co se te\u010f d\u011bje v H\u00e1jku? viz\u00a0\u00a0\u00a0 &nbsp; &nbsp; \u00a0<\/p>\n","protected":false},"author":6,"featured_media":0,"parent":0,"menu_order":0,"comment_status":"closed","ping_status":"closed","template":"","meta":[],"_links":{"self":[{"href":"https:\/\/hajek.ofm.cz\/index.php?rest_route=\/wp\/v2\/pages\/442"}],"collection":[{"href":"https:\/\/hajek.ofm.cz\/index.php?rest_route=\/wp\/v2\/pages"}],"about":[{"href":"https:\/\/hajek.ofm.cz\/index.php?rest_route=\/wp\/v2\/types\/page"}],"author":[{"embeddable":true,"href":"https:\/\/hajek.ofm.cz\/index.php?rest_route=\/wp\/v2\/users\/6"}],"replies":[{"embeddable":true,"href":"https:\/\/hajek.ofm.cz\/index.php?rest_route=%2Fwp%2Fv2%2Fcomments&post=442"}],"version-history":[{"count":67,"href":"https:\/\/hajek.ofm.cz\/index.php?rest_route=\/wp\/v2\/pages\/442\/revisions"}],"predecessor-version":[{"id":805,"href":"https:\/\/hajek.ofm.cz\/index.php?rest_route=\/wp\/v2\/pages\/442\/revisions\/805"}],"wp:attachment":[{"href":"https:\/\/hajek.ofm.cz\/index.php?rest_route=%2Fwp%2Fv2%2Fmedia&parent=442"}],"curies":[{"name":"wp","href":"https:\/\/api.w.org\/{rel}","templated":true}]}}