{"id":63,"date":"2022-03-31T19:15:20","date_gmt":"2022-03-31T19:15:20","guid":{"rendered":"https:\/\/hajek.ofm.cz\/?page_id=63"},"modified":"2022-03-31T19:15:20","modified_gmt":"2022-03-31T19:15:20","slug":"cesta-k-nam","status":"publish","type":"page","link":"https:\/\/hajek.ofm.cz\/?page_id=63","title":{"rendered":"Cesta k n\u00e1m"},"content":{"rendered":"<h1><a href=\"https:\/\/hajek.ofm.cz\/wp-content\/uploads\/2022\/03\/cesta_k_nam.jpg\"><img decoding=\"async\" loading=\"lazy\" class=\"size-full wp-image-65 aligncenter\" src=\"https:\/\/hajek.ofm.cz\/wp-content\/uploads\/2022\/03\/cesta_k_nam.jpg\" alt=\"\" width=\"1329\" height=\"699\" srcset=\"https:\/\/hajek.ofm.cz\/wp-content\/uploads\/2022\/03\/cesta_k_nam.jpg 1329w, https:\/\/hajek.ofm.cz\/wp-content\/uploads\/2022\/03\/cesta_k_nam-300x158.jpg 300w, https:\/\/hajek.ofm.cz\/wp-content\/uploads\/2022\/03\/cesta_k_nam-1024x539.jpg 1024w, https:\/\/hajek.ofm.cz\/wp-content\/uploads\/2022\/03\/cesta_k_nam-768x404.jpg 768w\" sizes=\"(max-width: 1329px) 100vw, 1329px\" \/><\/a><\/h1>\n<h2>Autobusem do H\u00e1jku<\/h2>\n<p>Z Prahy do H\u00e1jku se m\u016f\u017eete dostat autobusem \u010d. 307 ze stanice metra Zli\u010d\u00edn. Z\u00a0autobusov\u00e9 stanice \u010cerv\u011bn\u00fd \u00fajezd je do H\u00e1jku cca 1,5 km.<\/p>\n<p><a href=\"http:\/\/jrportal.dpp.cz\/DataFTP\/JRPortalData\/307\/20171015\/307_linka.pdf\" target=\"_blank\" rel=\"noopener\">J\u00edzdn\u00ed \u0159\u00e1d linky 307<\/a><\/p>\n<p>Zm\u011bny a aktualizace j\u00edzdn\u00edho \u0159\u00e1du najdete nap\u0159. na str\u00e1nk\u00e1ch pra\u017esk\u00e9ho Dopravn\u00edho podniku<br \/>\n<a href=\"http:\/\/www.dpp.cz\" target=\"_blank\" rel=\"noopener\">www.dpp.cz<\/a><\/p>\n<h2>Vlakem do H\u00e1jku<\/h2>\n<p>Nejbli\u017e\u0161\u00ed vlakov\u00e1 stanice Ch\u00fdn\u011b je vzd\u00e1len\u00e1 od kl\u00e1\u0161tera v\u00a0H\u00e1jku p\u0159ibli\u017en\u011b 2,5 km.<\/p>\n<p>Vlakov\u00fd j\u00edzdn\u00ed \u0159\u00e1d trat\u011b <a href=\"http:\/\/www.szdc.cz\/provozovani-drahy\/knizni-jizdni-rady\/k122.pdf\" target=\"_blank\" rel=\"noopener\"> \u010d. 122 Praha \u2013 Hostivice \u2013 Rudn\u00e1 u Prahy<\/a><\/p>\n<p>&nbsp;<\/p>\n<p>Vlakov\u00e1 stanice Jene\u010d je vzd\u00e1len\u00e1 od kl\u00e1\u0161tera v\u00a0H\u00e1jku p\u0159ibli\u017en\u011b 4 km.<\/p>\n<p>Vlakov\u00fd j\u00edzdn\u00ed \u0159\u00e1d trat\u011b <a href=\"http:\/\/www.szdc.cz\/provozovani-drahy\/knizni-jizdni-rady\/k120.pdf\" target=\"_blank\" rel=\"noopener\">\u010d. 120 Praha \u2013 Kladno \u2013 Rakovn\u00edk<\/a><\/p>\n<p>&nbsp;<\/p>\n<p>Zm\u011bny a aktualizace j\u00edzdn\u00edho \u0159\u00e1du najdete nap\u0159. na str\u00e1nk\u00e1ch \u010cesk\u00fdch drah<br \/>\n<a href=\"http:\/\/www.cd.cz\" target=\"_blank\" rel=\"noopener\">www.cd.cz<\/a> nebo v<br \/>\n<a href=\"http:\/\/jizdnirady.idnes.cz\/vlakyautobusy\/spojeni\/\" target=\"_blank\" rel=\"noopener\">inreaktivn\u00edm vyhled\u00e1va\u010di spojen\u00ed<\/a>.<\/p>\n","protected":false},"excerpt":{"rendered":"<p>Autobusem do H\u00e1jku Z Prahy do H\u00e1jku se m\u016f\u017eete dostat autobusem \u010d. 307 ze stanice metra Zli\u010d\u00edn. Z\u00a0autobusov\u00e9 stanice \u010cerv\u011bn\u00fd \u00fajezd je do H\u00e1jku cca 1,5 km. J\u00edzdn\u00ed \u0159\u00e1d linky 307 Zm\u011bny a aktualizace j\u00edzdn\u00edho \u0159\u00e1du najdete nap\u0159. na str\u00e1nk\u00e1ch pra\u017esk\u00e9ho Dopravn\u00edho podniku www.dpp.cz Vlakem do H\u00e1jku Nejbli\u017e\u0161\u00ed vlakov\u00e1 stanice Ch\u00fdn\u011b je vzd\u00e1len\u00e1 od kl\u00e1\u0161tera [&hellip;]<\/p>\n","protected":false},"author":1,"featured_media":0,"parent":0,"menu_order":0,"comment_status":"closed","ping_status":"closed","template":"","meta":[],"_links":{"self":[{"href":"https:\/\/hajek.ofm.cz\/index.php?rest_route=\/wp\/v2\/pages\/63"}],"collection":[{"href":"https:\/\/hajek.ofm.cz\/index.php?rest_route=\/wp\/v2\/pages"}],"about":[{"href":"https:\/\/hajek.ofm.cz\/index.php?rest_route=\/wp\/v2\/types\/page"}],"author":[{"embeddable":true,"href":"https:\/\/hajek.ofm.cz\/index.php?rest_route=\/wp\/v2\/users\/1"}],"replies":[{"embeddable":true,"href":"https:\/\/hajek.ofm.cz\/index.php?rest_route=%2Fwp%2Fv2%2Fcomments&post=63"}],"version-history":[{"count":2,"href":"https:\/\/hajek.ofm.cz\/index.php?rest_route=\/wp\/v2\/pages\/63\/revisions"}],"predecessor-version":[{"id":66,"href":"https:\/\/hajek.ofm.cz\/index.php?rest_route=\/wp\/v2\/pages\/63\/revisions\/66"}],"wp:attachment":[{"href":"https:\/\/hajek.ofm.cz\/index.php?rest_route=%2Fwp%2Fv2%2Fmedia&parent=63"}],"curies":[{"name":"wp","href":"https:\/\/api.w.org\/{rel}","templated":true}]}}