{"id":99,"date":"2022-04-01T07:10:03","date_gmt":"2022-04-01T07:10:03","guid":{"rendered":"https:\/\/hajek.ofm.cz\/?page_id=99"},"modified":"2022-04-01T07:10:03","modified_gmt":"2022-04-01T07:10:03","slug":"rok-2011","status":"publish","type":"page","link":"https:\/\/hajek.ofm.cz\/?page_id=99","title":{"rendered":"Rok 2011"},"content":{"rendered":"<p><a href=\"https:\/\/hajek.ofm.cz\/wp-content\/uploads\/2022\/04\/rok_2011.jpg\"><img decoding=\"async\" loading=\"lazy\" class=\"size-full wp-image-101 aligncenter\" src=\"https:\/\/hajek.ofm.cz\/wp-content\/uploads\/2022\/04\/rok_2011.jpg\" alt=\"\" width=\"640\" height=\"367\" srcset=\"https:\/\/hajek.ofm.cz\/wp-content\/uploads\/2022\/04\/rok_2011.jpg 640w, https:\/\/hajek.ofm.cz\/wp-content\/uploads\/2022\/04\/rok_2011-300x172.jpg 300w\" sizes=\"(max-width: 640px) 100vw, 640px\" \/><\/a><\/p>\n<p><strong>Proveden\u00e9 pr\u00e1ce v\u00a0roce 2011<\/strong><br \/>\njarn\u00ed \u00faklidov\u00e1 brig\u00e1da spole\u010denstv\u00ed ml\u00e1de\u017ee u PMS v\u00a0dubnu<br \/>\njarn\u00ed a podzimn\u00ed ministrantsk\u00e1 brig\u00e1da<br \/>\nn\u00e1ro\u010dn\u00e1 rekonstrukce \u010d\u00e1sti severn\u00edho ambitu p\u0159i obnov\u011b pasovsk\u00e9 kaple; instalace nov\u00e9ho p\u00f3dia pro slaven\u00ed m\u0161e svat\u00e9; instalace nov\u00e9ho osv\u011btlen\u00ed a ozvu\u010den\u00ed tohoto liturgick\u00e9ho prostoru.<br \/>\noprava krov\u016f v\u00a0z\u00e1padn\u00ed \u010d\u00e1sti kl\u00e1\u0161tera<br \/>\npostupn\u00e9 restaurov\u00e1n\u00ed loret\u00e1nsk\u00e9ho olt\u00e1\u0159e<br \/>\nzaveden\u00ed dren\u00e1\u017ee pod st\u011bnou severn\u00edho k\u0159\u00eddla (po odstran\u011bn\u00ed vojensk\u00e9 rampy)<br \/>\nvykop\u00e1n\u00ed a polo\u017een\u00ed nov\u00fdch odvod\u0148ovac\u00ed rour<br \/>\nk\u00e1cen\u00ed strom\u016f ohro\u017euj\u00edc\u00edch bezpe\u010dnost poutn\u00edk\u016f<br \/>\nobnova historick\u00e9 studny<\/p>\n<p><strong>Pl\u00e1ny na dal\u0161\u00ed roky<\/strong><br \/>\npokra\u010dov\u00e1n\u00ed v\u00a0oprav\u011b st\u0159echy a krov\u016f<br \/>\ndubnov\u00e1 brig\u00e1da spole\u010denstv\u00ed ml\u00e1de\u017ee u PMS<br \/>\nministrantsk\u00e9 brig\u00e1dy<br \/>\nnov\u00fd rozvod vody ze studny<br \/>\nvybudov\u00e1n\u00ed krbu v\u00a0kapli (v\u00a0b\u00fdval\u00e9m refekt\u00e1\u0159i)<br \/>\n\u010di\u0161t\u011bn\u00ed a oprava sklep\u016f<\/p>\n<p><strong>Statistika<\/strong><br \/>\nk\u0159ty 1<br \/>\nsvatby 1 \u2013 zlat\u00e1 svatba<br \/>\nz\u00e1snuby 1<br \/>\npoh\u0159by 0<\/p>\n<p style=\"text-align: center;\"><strong>Du\u0161i\u010dkov\u00e1 pou\u0165<\/strong><\/p>\n<p>Dne 5.\u00a0listopadu jsme v\u00a0H\u00e1jku slavili posledn\u00ed v\u00a0tomto roce pou\u0165 \u2013 du\u0161i\u010dkovou. Tradi\u010dn\u011b jsme v\u00a010.30 hod. slavili spole\u010dnou M\u0161i svatou, kter\u00e9 p\u0159edsedal n\u00e1\u0161 spolubratr Jan Nepomuk Svoboda ofm. K\u00a0n\u011bmu se p\u0159ipojili ke slaven\u00ed Eucharistie brat\u0159i Vianney a Benedikt a dal\u0161\u00ed 3 kn\u011b\u017e\u00ed koncelebranti. P\u0159ijelo n\u011bco p\u0159es 100 poutn\u00edk\u016f z\u00a0\u0161irok\u00e9ho okol\u00ed a tak\u00e9 n\u00e1s svou \u00fa\u010dast\u00ed nezklamal varhan\u00edk Honza P\u0159ibyl. Aby liturgie prob\u00edhala dle p\u0159edpis\u016f, bedliv\u00fdm okem v\u0161e sledoval bratr Kapistr\u00e1n. Bratr Jan Nepomuk na po\u010d\u00e1tku z\u00e1du\u0161n\u00ed M\u0161e svat\u00e9 vzpomn\u011bl tak\u00e9 na na\u0161eho zesnul\u00e9ho bratra Vojt\u011bcha, kter\u00e9ho si P\u00e1n z\u00a0uherskohradi\u0161\u0165sk\u00e9 komunity povolal k\u00a0sob\u011b v\u00a0\u00fanoru tohoto roku. A tak\u00e9 odevzd\u00e1val Bo\u017e\u00edmu milosrdenstv\u00ed svoji zesnulou maminku, kter\u00e1 ode\u0161la do domu Otce rovn\u011b\u017e v\u00a0tomto roce. B\u011bhem k\u00e1z\u00e1n\u00ed pak bratr Jan p\u0159ipomenul ob\u0159ad pochov\u00e1n\u00ed v\u00e9vody Oty Habsbursk\u00e9ho ve V\u00edde\u0148sk\u00e9m kl\u00e1\u0161t\u011b\u0159e brat\u0159\u00ed kapuc\u00edn\u016f. Po M\u0161i svat\u00e9 jsme se tradi\u010dn\u011b za zp\u011bvu mari\u00e1nsk\u00e9 p\u00edsn\u011b procesn\u011b p\u0159esunuli do loret\u00e1nsk\u00e9 kaple a spole\u010dn\u011b zazp\u00edvali Litanii k\u00a0Pann\u011b Marii.<\/p>\n<p style=\"text-align: left;\">Pro poutn\u00edky byl op\u011bt p\u0159ipraven skv\u011bl\u00fd gul\u00e1\u0161, kter\u00fd u\u017e tradi\u010dn\u011b uva\u0159ila pan\u00ed Langov\u00e1.<\/p>\n<p style=\"text-align: center;\"><strong>Na pouti ve franti\u0161k\u00e1nsk\u00e9m H\u00e1jku s\u00a0pra\u017esk\u00fdm arcibiskupem<\/strong><\/p>\n<p>V sobotu 10.\u00a0z\u00e1\u0159\u00ed jsme si v\u00a0H\u00e1jku p\u0159ipomn\u011bli narozeniny Panny Marie, je\u017e v\u00a0cel\u00e9 c\u00edrkvi slav\u00edme od konce 7.\u00a0stolet\u00ed. Neb\u00fdvale mnoho poutn\u00edk\u016f pro\u0161lo branou kl\u00e1\u0161tera, kterou zdob\u00ed sochy sv. Franti\u0161ka a sv. Anton\u00edna. Jedn\u00edm z\u00a0d\u016fvod\u016f mohlo b\u00fdt p\u0159\u00edjemn\u00e9 po\u010das\u00ed, ale z\u0159ejm\u011b hlavn\u00edm \u201emagnetem\u201c byla p\u0159\u00edtomnost arcibiskupa pra\u017esk\u00e9ho Dominika Duky, pro n\u011bj\u017e byla n\u00e1v\u0161t\u011bva H\u00e1jku premi\u00e9rou. P\u0159\u00edchod \u00fa\u010dastn\u00edk\u016f p\u011b\u0161\u00ed pout\u011b z\u00a0Hostivic \u2013 Star\u00fdch Litovic, doprov\u00e1zen\u00fd zp\u011bvy z\u00a0barokn\u00edch kancion\u00e1l\u016f zapo\u010dal bohat\u00fd h\u00e1jeck\u00fd program. M\u0161i svat\u00e9 p\u0159edch\u00e1zela modlitba r\u016f\u017eence a sv\u00e1tost sm\u00ed\u0159en\u00ed. Liturgick\u00fd pr\u016fvod s\u00a0bohat\u011b zdoben\u00fdm evangeli\u00e1\u0159em tentokr\u00e1t nezam\u00ed\u0159il do refekt\u00e1\u0159e, jak tomu b\u00fdv\u00e1, ale do dvora, kde byl v\u00a0ambitu z\u0159\u00edzen olt\u00e1\u0159 pro slaven\u00ed eucharistick\u00e9 hostiny. V\u0161em p\u0159\u00edtomn\u00fdm se tak naskytlo dostatek prostoru. Ve spojen\u00ed s\u00a0kvalitn\u00edm ozvu\u010den\u00edm vznikly p\u0159\u00edhodn\u00e9 podm\u00ednky pro pozorn\u00e9 slaven\u00ed m\u0161e svat\u00e9, jej\u00edm\u017e hlavn\u00edm celebrantem byl arcibiskup Dominik Duka. P\u0159i sv\u00e9m k\u00e1z\u00e1n\u00ed hovo\u0159il o daru milosti, kter\u00e1 je n\u00e1m energi\u00ed na cest\u011b a kterou od Boha dost\u00e1v\u00e1me d\u00edky Jeho nekone\u010dn\u00e9 l\u00e1sce k\u00a0n\u00e1m. Toto Bo\u017e\u00ed p\u016fsoben\u00ed v\u00a0n\u00e1s tak\u00e9 zp\u016fsobuje nov\u00e9 dispozice a tak m\u016f\u017eeme v\u00a0ka\u017ed\u00e9m okam\u017eiku na\u0161eho \u017eivota plnit \u00falohu od P\u00e1na o\u010dek\u00e1vanou. Tak jako Panna Maria, kter\u00e1 na z\u00e1klad\u011b sv\u00e9ho svobodn\u00e9ho rozhodnut\u00ed \u0159ekla na and\u011blovo zv\u011bstov\u00e1n\u00ed sv\u00e9 \u201eano\u201c, stala se matkou Je\u017e\u00ed\u0161e Krista a z\u00edskala tak pod\u00edl na d\u011bjin\u00e1ch sp\u00e1sy. Nem\u00e1me z\u016fstat pouze u slov. B\u016fh ji\u017e od po\u010d\u00e1tku vol\u00e1 \u010dlov\u011bka k\u00a0cest\u011b odpov\u011bdnosti ve svobod\u011b. Panna Maria tuto \u201ezkou\u0161ku\u201c svobody slo\u017eila. A my k\u00a0N\u00ed nyn\u00ed m\u016f\u017eeme p\u0159ich\u00e1zet, jeliko\u017e n\u00e1m na z\u00e1klad\u011b sv\u00fdch vlastn\u00edch zku\u0161enost\u00ed rozum\u00ed \u2013 je n\u00e1m skute\u010dnou Matkou.<\/p>\n<p>Po skon\u010den\u00ed m\u0161e n\u00e1sledovaly tradi\u010dn\u00ed Loret\u00e1nsk\u00e9 litanie a po ob\u010derstven\u00ed o\u010dek\u00e1van\u00e1 beseda moderovan\u00e1 Filipem Janem Rathousk\u00fdm. Vze\u0161lo mnoho zaj\u00edmav\u00fdch dotaz\u016f, na kter\u00e9 arcibiskup Dominik Duka otev\u0159en\u011b a up\u0159\u00edmn\u011b reagoval. Povzbudil n\u00e1s k\u00a0radosti z\u00a0na\u0161\u00ed v\u00edry a svobody, ve kter\u00e9 \u017eijeme. P\u0159i\u010dem\u017e mnohdy nedostate\u010dn\u011b vyu\u017e\u00edv\u00e1me mo\u017enosti, kter\u00e9 se n\u00e1m dnes nab\u00edzej\u00ed. Tak\u00e9 p\u0159ipomn\u011bl a zd\u016fraznil nutnost kvalitn\u00ed n\u00e1bo\u017eensk\u00e9 v\u00fduky. Z\u00e1v\u011brem otec arcibiskup vyj\u00e1d\u0159il p\u0159\u00e1n\u00ed:\u201eSpole\u010dn\u00fdmi silami d\u00e1t H\u00e1jku lep\u0161\u00ed podobu\u201c, za co\u017e sklidil uznal\u00fd potlesk p\u0159\u00edtomn\u00fdch. Adorace zakon\u010den\u00e1 slavnostn\u00edm po\u017eehn\u00e1n\u00edm u\u010dinila symbolickou te\u010dku za p\u0159\u00edjemn\u011b str\u00e1ven\u00fdm sv\u00e1te\u010dn\u00edm \u010dasem na mari\u00e1nsk\u00e9m poutn\u00edm m\u00edst\u011b kladensk\u00e9ho vikari\u00e1tu. Deo Gratias.<\/p>\n<p style=\"text-align: right;\"><em>Tom\u00e1\u0161 Linhart z\u00a0Rozd\u011blova<\/em><\/p>\n<p style=\"text-align: center;\"><strong>H\u00e1jeck\u00e9 blahop\u0159\u00e1n\u00ed k\u00a060.\u00a0v\u00fdro\u010d\u00ed kn\u011b\u017estv\u00ed P. Jaroslava Pt\u00e1\u010dka O.Cr.<\/strong><\/p>\n<p>Franti\u0161k\u00e1nsk\u00fd kl\u00e1\u0161ter v\u00a0H\u00e1jku \u2013 nen\u00ed snad vhodn\u011bj\u0161\u00edho m\u00edsta na kladensk\u00e9m vikari\u00e1tu k\u00a0pod\u011bkov\u00e1n\u00ed za 60.\u00a0v\u00fdro\u010d\u00ed kn\u011b\u017estv\u00ed P. Jaroslava Pt\u00e1\u010dka. A tak se v\u00a0sobotu 9.\u00a0\u010dervence sjely do H\u00e1jku des\u00edtky h\u00e1jeck\u00fdch poutn\u00edk\u016f, b\u00fdval\u00fdch farn\u00edk\u016f a p\u0159\u00e1tel, aby tak spole\u010dn\u011b P\u00e1nu pod\u011bkovali za \u0161edes\u00e1t let kn\u011b\u017estv\u00ed P. Jaroslava Pt\u00e1\u010dka, kter\u00fd dlouhou dobu p\u016fsobil v\u00a0unho\u0161\u0165sk\u00e9 farnosti. V\u00a0\u00favodu bohoslu\u017eby p\u0159ipomn\u011bl P. Jaroslav Pt\u00e1\u010dek internovan\u00e9 kn\u011bze v\u00a0H\u00e1jku \u2013 jim byla tak\u00e9 m\u0161e zasv\u011bcena; tentokr\u00e1t p\u0159ibl\u00ed\u017eil \u017eivotn\u00ed b\u011bh P. \u010ctver\u00e1ka, kter\u00e9mu totalitn\u00ed re\u017eimy nacismu a komunismu neumo\u017enily vykon\u00e1vat \u0159\u00e1dnou kn\u011b\u017eskou slu\u017ebu a kter\u00fd byl tak\u00e9 v\u00a0H\u00e1jku internov\u00e1n. Po liturgick\u00fdch \u010dten\u00ed ze Sv\u00e1tku Nav\u0161t\u00edven\u00ed Panny Marie n\u00e1sledovala homilie, ve kter\u00e9 p\u0159ipomn\u011bl P. Jaroslav Pt\u00e1\u010dek t\u0159i proslul\u00e1 mari\u00e1nsk\u00e1 poutn\u00ed m\u00edsta \u2013 Lurdy, Fatimu a La Salettu, jejich\u017e duchovn\u00ed odkaz zformuloval do t\u0159\u00ed mari\u00e1nsk\u00fdch poselstv\u00ed, v\u00fdzev do tohoto \u010dasu. Po Mari\u00e1nsk\u00fdch litani\u00edch v\u00a0Loret\u00e1nsk\u00e9 kapli, p\u0159ed pam\u00e1tnou sochou Panny Marie H\u00e1jeck\u00e9, pod\u011bkoval P. Jaroslavu Pt\u00e1\u010dkovi za pr\u00e1ci na kladensk\u00e9m vikari\u00e1tu okrskov\u00fd vik\u00e1\u0159 P. Jaroslav Ku\u010dera z\u00a0Kladna \u2013 Rozd\u011blova; za spr\u00e1vu kl\u00e1\u0161tera v\u00a0H\u00e1jku a za h\u00e1jeck\u00e9 poutn\u00edky promluvila Alena Langov\u00e1, kter\u00e1 podtrhla skute\u010dnost, \u017ee to byl pr\u00e1v\u011b P. Jaroslav Pt\u00e1\u010dek, kter\u00fd spole\u010dn\u011b s\u00a0rozd\u011blovsk\u00fdm far\u00e1\u0159em P. Bo\u0159ivojem B\u011bl\u00edkem st\u00e1li u znovuzrozen\u00ed kl\u00e1\u0161tera po dlouholet\u00e9 nucen\u00e9 odmlce.<\/p>\n<p>A za to, \u017ee dnes H\u00e1jek \u2013 hlavn\u00ed poutn\u00ed m\u00edsto kladensk\u00e9ho vikari\u00e1tu \u2013 duchovn\u011b \u017eije a v\u00edt\u00e1 b\u011bhem roku poutn\u00edky, vd\u011b\u010d\u00edme tak\u00e9 pr\u00e1v\u011b jemu. Deo gratias.<\/p>\n<p>&nbsp;<\/p>\n","protected":false},"excerpt":{"rendered":"<p>Proveden\u00e9 pr\u00e1ce v\u00a0roce 2011 jarn\u00ed \u00faklidov\u00e1 brig\u00e1da spole\u010denstv\u00ed ml\u00e1de\u017ee u PMS v\u00a0dubnu jarn\u00ed a podzimn\u00ed ministrantsk\u00e1 brig\u00e1da n\u00e1ro\u010dn\u00e1 rekonstrukce \u010d\u00e1sti severn\u00edho ambitu p\u0159i obnov\u011b pasovsk\u00e9 kaple; instalace nov\u00e9ho p\u00f3dia pro slaven\u00ed m\u0161e svat\u00e9; instalace nov\u00e9ho osv\u011btlen\u00ed a ozvu\u010den\u00ed tohoto liturgick\u00e9ho prostoru. oprava krov\u016f v\u00a0z\u00e1padn\u00ed \u010d\u00e1sti kl\u00e1\u0161tera postupn\u00e9 restaurov\u00e1n\u00ed loret\u00e1nsk\u00e9ho olt\u00e1\u0159e zaveden\u00ed dren\u00e1\u017ee pod st\u011bnou severn\u00edho [&hellip;]<\/p>\n","protected":false},"author":1,"featured_media":0,"parent":0,"menu_order":0,"comment_status":"closed","ping_status":"closed","template":"","meta":[],"_links":{"self":[{"href":"https:\/\/hajek.ofm.cz\/index.php?rest_route=\/wp\/v2\/pages\/99"}],"collection":[{"href":"https:\/\/hajek.ofm.cz\/index.php?rest_route=\/wp\/v2\/pages"}],"about":[{"href":"https:\/\/hajek.ofm.cz\/index.php?rest_route=\/wp\/v2\/types\/page"}],"author":[{"embeddable":true,"href":"https:\/\/hajek.ofm.cz\/index.php?rest_route=\/wp\/v2\/users\/1"}],"replies":[{"embeddable":true,"href":"https:\/\/hajek.ofm.cz\/index.php?rest_route=%2Fwp%2Fv2%2Fcomments&post=99"}],"version-history":[{"count":2,"href":"https:\/\/hajek.ofm.cz\/index.php?rest_route=\/wp\/v2\/pages\/99\/revisions"}],"predecessor-version":[{"id":102,"href":"https:\/\/hajek.ofm.cz\/index.php?rest_route=\/wp\/v2\/pages\/99\/revisions\/102"}],"wp:attachment":[{"href":"https:\/\/hajek.ofm.cz\/index.php?rest_route=%2Fwp%2Fv2%2Fmedia&parent=99"}],"curies":[{"name":"wp","href":"https:\/\/api.w.org\/{rel}","templated":true}]}}